{"id":26,"date":"2023-01-12T14:30:46","date_gmt":"2023-01-12T13:30:46","guid":{"rendered":"https:\/\/update.jessica-scheler.de\/essen\/?page_id=26"},"modified":"2024-07-24T11:53:27","modified_gmt":"2024-07-24T09:53:27","slug":"salon-essen","status":"publish","type":"page","link":"https:\/\/jessica-scheler.de\/essen\/salon-essen\/","title":{"rendered":"Der Salon"},"content":{"rendered":"\t\t<div data-elementor-type=\"wp-page\" data-elementor-id=\"26\" class=\"elementor elementor-26\" data-elementor-post-type=\"page\">\n\t\t\t\t\t\t<section class=\"elementor-section elementor-top-section elementor-element elementor-element-63682eee elementor-section-full_width elementor-section-height-default elementor-section-height-default\" data-id=\"63682eee\" data-element_type=\"section\" data-e-type=\"section\">\n\t\t\t\t\t\t<div class=\"elementor-container elementor-column-gap-no\">\n\t\t\t\t\t<div class=\"elementor-column elementor-col-100 elementor-top-column elementor-element elementor-element-4100f079\" data-id=\"4100f079\" data-element_type=\"column\" data-e-type=\"column\">\n\t\t\t<div class=\"elementor-widget-wrap elementor-element-populated\">\n\t\t\t\t\t\t<div class=\"elementor-element elementor-element-76aa86d7 elementor--h-position-center elementor--v-position-middle elementor-arrows-position-inside elementor-widget elementor-widget-slides\" data-id=\"76aa86d7\" data-element_type=\"widget\" data-e-type=\"widget\" data-settings=\"{&quot;transition&quot;:&quot;fade&quot;,&quot;navigation&quot;:&quot;arrows&quot;,&quot;autoplay&quot;:&quot;yes&quot;,&quot;pause_on_hover&quot;:&quot;yes&quot;,&quot;pause_on_interaction&quot;:&quot;yes&quot;,&quot;autoplay_speed&quot;:5000,&quot;infinite&quot;:&quot;yes&quot;,&quot;transition_speed&quot;:500}\" data-widget_type=\"slides.default\">\n\t\t\t\t<div class=\"elementor-widget-container\">\n\t\t\t\t\t\t\t\t\t<div class=\"elementor-swiper\">\n\t\t\t\t\t<div class=\"elementor-slides-wrapper elementor-main-swiper swiper\" role=\"region\" aria-roledescription=\"carousel\" aria-label=\"Slider\" dir=\"ltr\" data-animation=\"fadeInUp\">\n\t\t\t\t<div class=\"swiper-wrapper elementor-slides\">\n\t\t\t\t\t\t\t\t\t\t<div class=\"elementor-repeater-item-db12b53 swiper-slide\" role=\"group\" aria-roledescription=\"slide\"><div class=\"swiper-slide-bg elementor-ken-burns elementor-ken-burns--out\" role=\"img\" aria-label=\"Salon Essen\"><\/div><div class=\"swiper-slide-inner\" ><div class=\"swiper-slide-contents\"><div class=\"elementor-slide-heading\">WILLKOMMEN IN <br>ESSEN-KETTWIG<\/div><\/div><\/div><\/div>\t\t\t\t<\/div>\n\t\t\t\t\t\t\t<\/div>\n\t\t\t\t<\/div>\n\t\t\t\t\t\t\t\t<\/div>\n\t\t\t\t<\/div>\n\t\t\t\t\t<\/div>\n\t\t<\/div>\n\t\t\t\t\t<\/div>\n\t\t<\/section>\n\t\t\t\t<section class=\"elementor-section elementor-top-section elementor-element elementor-element-761738b5 elementor-section-boxed elementor-section-height-default elementor-section-height-default\" data-id=\"761738b5\" data-element_type=\"section\" data-e-type=\"section\">\n\t\t\t\t\t\t<div class=\"elementor-container elementor-column-gap-no\">\n\t\t\t\t\t<div class=\"elementor-column elementor-col-100 elementor-top-column elementor-element elementor-element-572ed9ff\" data-id=\"572ed9ff\" data-element_type=\"column\" data-e-type=\"column\">\n\t\t\t<div class=\"elementor-widget-wrap elementor-element-populated\">\n\t\t\t\t\t\t<div class=\"elementor-element elementor-element-590c3d2c elementor-widget elementor-widget-heading\" data-id=\"590c3d2c\" data-element_type=\"widget\" data-e-type=\"widget\" data-widget_type=\"heading.default\">\n\t\t\t\t<div class=\"elementor-widget-container\">\n\t\t\t\t\t<h2 class=\"elementor-heading-title elementor-size-default\">Diesen Augenblick der Ruhe finden Sie bei uns in unseren einzigartigen hellen und freundlichen Salon, welcher schon beim ersten Betreten eine sch\u00f6ne Atmosph\u00e4re vermittelt.<\/h2>\t\t\t\t<\/div>\n\t\t\t\t<\/div>\n\t\t\t\t<div class=\"elementor-element elementor-element-68f41bc5 elementor-widget elementor-widget-text-editor\" data-id=\"68f41bc5\" data-element_type=\"widget\" data-e-type=\"widget\" data-widget_type=\"text-editor.default\">\n\t\t\t\t<div class=\"elementor-widget-container\">\n\t\t\t\t\t\t\t\t\t<p>In einem hellen, warmen und modernen Interieur bieten wir unseren Kunden eine intensive Beratung und eine pers\u00f6nliches Friseurerlebnis. Entspannen Sie im Herzen von Essen-Kettwig bei exklusiven Haar-, Haut- und Beautybehandlungen. Jeder Besuch bei uns ist ein Verw\u00f6hnerlebnis, das durch einen sehr guten Service und eine Behandlung auf qualitativ h\u00f6chstem Niveau abgerundet wird. Mit unserem umfangreichen Serviceleistungen stellen wir uns ganz auf Sie und Ihre W\u00fcnsche ein. Ein ausf\u00fchrliches Beratungsgespr\u00e4ch geh\u00f6rt f\u00fcr uns zu einer erstklassigen Leistung immer dazu. Professionalit\u00e4t in allen Dingen steht bei uns an erster Stelle.<\/p>\t\t\t\t\t\t\t\t<\/div>\n\t\t\t\t<\/div>\n\t\t\t\t\t<\/div>\n\t\t<\/div>\n\t\t\t\t\t<\/div>\n\t\t<\/section>\n\t\t\t\t<section class=\"elementor-section elementor-top-section elementor-element elementor-element-5f35bf74 elementor-section-boxed elementor-section-height-default elementor-section-height-default\" data-id=\"5f35bf74\" data-element_type=\"section\" data-e-type=\"section\">\n\t\t\t\t\t\t<div class=\"elementor-container elementor-column-gap-no\">\n\t\t\t\t\t<div class=\"elementor-column elementor-col-100 elementor-top-column elementor-element elementor-element-1ea6793d\" data-id=\"1ea6793d\" data-element_type=\"column\" data-e-type=\"column\">\n\t\t\t<div class=\"elementor-widget-wrap elementor-element-populated\">\n\t\t\t\t\t\t<div class=\"elementor-element elementor-element-241c3ee3 elementor-widget elementor-widget-heading\" data-id=\"241c3ee3\" data-element_type=\"widget\" data-e-type=\"widget\" data-widget_type=\"heading.default\">\n\t\t\t\t<div class=\"elementor-widget-container\">\n\t\t\t\t\t<h1 class=\"elementor-heading-title elementor-size-default\">Salonimpressionen<\/h1>\t\t\t\t<\/div>\n\t\t\t\t<\/div>\n\t\t\t\t<div class=\"elementor-element elementor-element-81b4c59 elementor-widget-divider--view-line elementor-widget elementor-widget-divider\" data-id=\"81b4c59\" data-element_type=\"widget\" data-e-type=\"widget\" data-widget_type=\"divider.default\">\n\t\t\t\t<div class=\"elementor-widget-container\">\n\t\t\t\t\t\t\t<div class=\"elementor-divider\">\n\t\t\t<span class=\"elementor-divider-separator\">\n\t\t\t\t\t\t<\/span>\n\t\t<\/div>\n\t\t\t\t\t\t<\/div>\n\t\t\t\t<\/div>\n\t\t\t\t<div class=\"elementor-element elementor-element-7dc795e elementor-widget elementor-widget-gallery\" data-id=\"7dc795e\" data-element_type=\"widget\" data-e-type=\"widget\" data-settings=\"{&quot;columns&quot;:3,&quot;columns_tablet&quot;:3,&quot;gap&quot;:{&quot;unit&quot;:&quot;px&quot;,&quot;size&quot;:20,&quot;sizes&quot;:[]},&quot;gap_tablet&quot;:{&quot;unit&quot;:&quot;px&quot;,&quot;size&quot;:20,&quot;sizes&quot;:[]},&quot;lazyload&quot;:&quot;yes&quot;,&quot;gallery_layout&quot;:&quot;grid&quot;,&quot;columns_mobile&quot;:1,&quot;gap_mobile&quot;:{&quot;unit&quot;:&quot;px&quot;,&quot;size&quot;:10,&quot;sizes&quot;:[]},&quot;link_to&quot;:&quot;file&quot;,&quot;aspect_ratio&quot;:&quot;3:2&quot;,&quot;overlay_background&quot;:&quot;yes&quot;,&quot;content_hover_animation&quot;:&quot;fade-in&quot;}\" data-widget_type=\"gallery.default\">\n\t\t\t\t<div class=\"elementor-widget-container\">\n\t\t\t\t\t\t\t<div class=\"elementor-gallery__container\">\n\t\t\t\t\t\t\t<a class=\"e-gallery-item elementor-gallery-item elementor-animated-content\" href=\"https:\/\/jessica-scheler.de\/essen\/wp-content\/uploads\/sites\/3\/2023\/01\/jschweler_web_09.jpg\" data-elementor-open-lightbox=\"yes\" data-elementor-lightbox-slideshow=\"7dc795e\" data-elementor-lightbox-title=\"jschweler_web_09\" data-e-action-hash=\"#elementor-action%3Aaction%3Dlightbox%26settings%3DeyJpZCI6NDM3LCJ1cmwiOiJodHRwczpcL1wvamVzc2ljYS1zY2hlbGVyLmRlXC9lc3Nlblwvd3AtY29udGVudFwvdXBsb2Fkc1wvc2l0ZXNcLzNcLzIwMjNcLzAxXC9qc2Nod2VsZXJfd2ViXzA5LmpwZyIsInNsaWRlc2hvdyI6IjdkYzc5NWUifQ%3D%3D\">\n\t\t\t\t\t<div class=\"e-gallery-image elementor-gallery-item__image\" data-thumbnail=\"https:\/\/jessica-scheler.de\/essen\/wp-content\/uploads\/sites\/3\/2023\/01\/jschweler_web_09.jpg\" data-width=\"1200\" data-height=\"803\" aria-label=\"Salon Essen\" role=\"img\" ><\/div>\n\t\t\t\t\t\t\t\t\t\t\t<div class=\"elementor-gallery-item__overlay\"><\/div>\n\t\t\t\t\t\t\t\t\t\t\t\t\t\t<\/a>\n\t\t\t\t\t\t\t<a class=\"e-gallery-item elementor-gallery-item elementor-animated-content\" href=\"https:\/\/jessica-scheler.de\/essen\/wp-content\/uploads\/sites\/3\/2023\/01\/jschweler_web_08.jpg\" data-elementor-open-lightbox=\"yes\" data-elementor-lightbox-slideshow=\"7dc795e\" data-elementor-lightbox-title=\"jschweler_web_08\" data-e-action-hash=\"#elementor-action%3Aaction%3Dlightbox%26settings%3DeyJpZCI6NDM2LCJ1cmwiOiJodHRwczpcL1wvamVzc2ljYS1zY2hlbGVyLmRlXC9lc3Nlblwvd3AtY29udGVudFwvdXBsb2Fkc1wvc2l0ZXNcLzNcLzIwMjNcLzAxXC9qc2Nod2VsZXJfd2ViXzA4LmpwZyIsInNsaWRlc2hvdyI6IjdkYzc5NWUifQ%3D%3D\">\n\t\t\t\t\t<div class=\"e-gallery-image elementor-gallery-item__image\" data-thumbnail=\"https:\/\/jessica-scheler.de\/essen\/wp-content\/uploads\/sites\/3\/2023\/01\/jschweler_web_08.jpg\" data-width=\"1200\" data-height=\"803\" aria-label=\"Salon Essen\" role=\"img\" ><\/div>\n\t\t\t\t\t\t\t\t\t\t\t<div class=\"elementor-gallery-item__overlay\"><\/div>\n\t\t\t\t\t\t\t\t\t\t\t\t\t\t<\/a>\n\t\t\t\t\t\t\t<a class=\"e-gallery-item elementor-gallery-item elementor-animated-content\" href=\"https:\/\/jessica-scheler.de\/essen\/wp-content\/uploads\/sites\/3\/2023\/01\/jschweler_web_07.jpg\" data-elementor-open-lightbox=\"yes\" data-elementor-lightbox-slideshow=\"7dc795e\" data-elementor-lightbox-title=\"jschweler_web_07\" data-e-action-hash=\"#elementor-action%3Aaction%3Dlightbox%26settings%3DeyJpZCI6NDM1LCJ1cmwiOiJodHRwczpcL1wvamVzc2ljYS1zY2hlbGVyLmRlXC9lc3Nlblwvd3AtY29udGVudFwvdXBsb2Fkc1wvc2l0ZXNcLzNcLzIwMjNcLzAxXC9qc2Nod2VsZXJfd2ViXzA3LmpwZyIsInNsaWRlc2hvdyI6IjdkYzc5NWUifQ%3D%3D\">\n\t\t\t\t\t<div class=\"e-gallery-image elementor-gallery-item__image\" data-thumbnail=\"https:\/\/jessica-scheler.de\/essen\/wp-content\/uploads\/sites\/3\/2023\/01\/jschweler_web_07.jpg\" data-width=\"1200\" data-height=\"803\" aria-label=\"Salon Essen\" role=\"img\" ><\/div>\n\t\t\t\t\t\t\t\t\t\t\t<div class=\"elementor-gallery-item__overlay\"><\/div>\n\t\t\t\t\t\t\t\t\t\t\t\t\t\t<\/a>\n\t\t\t\t\t\t\t<a class=\"e-gallery-item elementor-gallery-item elementor-animated-content\" href=\"https:\/\/jessica-scheler.de\/essen\/wp-content\/uploads\/sites\/3\/2023\/01\/jschweler_web_06.jpg\" data-elementor-open-lightbox=\"yes\" data-elementor-lightbox-slideshow=\"7dc795e\" data-elementor-lightbox-title=\"jschweler_web_06\" data-e-action-hash=\"#elementor-action%3Aaction%3Dlightbox%26settings%3DeyJpZCI6NDM0LCJ1cmwiOiJodHRwczpcL1wvamVzc2ljYS1zY2hlbGVyLmRlXC9lc3Nlblwvd3AtY29udGVudFwvdXBsb2Fkc1wvc2l0ZXNcLzNcLzIwMjNcLzAxXC9qc2Nod2VsZXJfd2ViXzA2LmpwZyIsInNsaWRlc2hvdyI6IjdkYzc5NWUifQ%3D%3D\">\n\t\t\t\t\t<div class=\"e-gallery-image elementor-gallery-item__image\" data-thumbnail=\"https:\/\/jessica-scheler.de\/essen\/wp-content\/uploads\/sites\/3\/2023\/01\/jschweler_web_06.jpg\" data-width=\"1000\" data-height=\"845\" aria-label=\"Salon Essen\" role=\"img\" ><\/div>\n\t\t\t\t\t\t\t\t\t\t\t<div class=\"elementor-gallery-item__overlay\"><\/div>\n\t\t\t\t\t\t\t\t\t\t\t\t\t\t<\/a>\n\t\t\t\t\t\t\t<a class=\"e-gallery-item elementor-gallery-item elementor-animated-content\" href=\"https:\/\/jessica-scheler.de\/essen\/wp-content\/uploads\/sites\/3\/2023\/01\/jschweler_web_05.jpg\" data-elementor-open-lightbox=\"yes\" data-elementor-lightbox-slideshow=\"7dc795e\" data-elementor-lightbox-title=\"jschweler_web_05\" data-e-action-hash=\"#elementor-action%3Aaction%3Dlightbox%26settings%3DeyJpZCI6NDMzLCJ1cmwiOiJodHRwczpcL1wvamVzc2ljYS1zY2hlbGVyLmRlXC9lc3Nlblwvd3AtY29udGVudFwvdXBsb2Fkc1wvc2l0ZXNcLzNcLzIwMjNcLzAxXC9qc2Nod2VsZXJfd2ViXzA1LmpwZyIsInNsaWRlc2hvdyI6IjdkYzc5NWUifQ%3D%3D\">\n\t\t\t\t\t<div class=\"e-gallery-image elementor-gallery-item__image\" data-thumbnail=\"https:\/\/jessica-scheler.de\/essen\/wp-content\/uploads\/sites\/3\/2023\/01\/jschweler_web_05.jpg\" data-width=\"800\" data-height=\"1152\" aria-label=\"Salon Essen\" role=\"img\" ><\/div>\n\t\t\t\t\t\t\t\t\t\t\t<div class=\"elementor-gallery-item__overlay\"><\/div>\n\t\t\t\t\t\t\t\t\t\t\t\t\t\t<\/a>\n\t\t\t\t\t\t\t<a class=\"e-gallery-item elementor-gallery-item elementor-animated-content\" href=\"https:\/\/jessica-scheler.de\/essen\/wp-content\/uploads\/sites\/3\/2023\/01\/jschweler_web_04.jpg\" data-elementor-open-lightbox=\"yes\" data-elementor-lightbox-slideshow=\"7dc795e\" data-elementor-lightbox-title=\"jschweler_web_04\" data-e-action-hash=\"#elementor-action%3Aaction%3Dlightbox%26settings%3DeyJpZCI6NDMyLCJ1cmwiOiJodHRwczpcL1wvamVzc2ljYS1zY2hlbGVyLmRlXC9lc3Nlblwvd3AtY29udGVudFwvdXBsb2Fkc1wvc2l0ZXNcLzNcLzIwMjNcLzAxXC9qc2Nod2VsZXJfd2ViXzA0LmpwZyIsInNsaWRlc2hvdyI6IjdkYzc5NWUifQ%3D%3D\">\n\t\t\t\t\t<div class=\"e-gallery-image elementor-gallery-item__image\" data-thumbnail=\"https:\/\/jessica-scheler.de\/essen\/wp-content\/uploads\/sites\/3\/2023\/01\/jschweler_web_04.jpg\" data-width=\"1200\" data-height=\"803\" aria-label=\"Salon Essen\" role=\"img\" ><\/div>\n\t\t\t\t\t\t\t\t\t\t\t<div class=\"elementor-gallery-item__overlay\"><\/div>\n\t\t\t\t\t\t\t\t\t\t\t\t\t\t<\/a>\n\t\t\t\t\t\t\t<a class=\"e-gallery-item elementor-gallery-item elementor-animated-content\" href=\"https:\/\/jessica-scheler.de\/essen\/wp-content\/uploads\/sites\/3\/2023\/01\/jschweler_web_03.jpg\" data-elementor-open-lightbox=\"yes\" data-elementor-lightbox-slideshow=\"7dc795e\" data-elementor-lightbox-title=\"jschweler_web_03\" data-e-action-hash=\"#elementor-action%3Aaction%3Dlightbox%26settings%3DeyJpZCI6NDMxLCJ1cmwiOiJodHRwczpcL1wvamVzc2ljYS1zY2hlbGVyLmRlXC9lc3Nlblwvd3AtY29udGVudFwvdXBsb2Fkc1wvc2l0ZXNcLzNcLzIwMjNcLzAxXC9qc2Nod2VsZXJfd2ViXzAzLmpwZyIsInNsaWRlc2hvdyI6IjdkYzc5NWUifQ%3D%3D\">\n\t\t\t\t\t<div class=\"e-gallery-image elementor-gallery-item__image\" data-thumbnail=\"https:\/\/jessica-scheler.de\/essen\/wp-content\/uploads\/sites\/3\/2023\/01\/jschweler_web_03.jpg\" data-width=\"1200\" data-height=\"803\" aria-label=\"Salon Essen\" role=\"img\" ><\/div>\n\t\t\t\t\t\t\t\t\t\t\t<div class=\"elementor-gallery-item__overlay\"><\/div>\n\t\t\t\t\t\t\t\t\t\t\t\t\t\t<\/a>\n\t\t\t\t\t\t\t<a class=\"e-gallery-item elementor-gallery-item elementor-animated-content\" href=\"https:\/\/jessica-scheler.de\/essen\/wp-content\/uploads\/sites\/3\/2023\/01\/jschweler_web_02.jpg\" data-elementor-open-lightbox=\"yes\" data-elementor-lightbox-slideshow=\"7dc795e\" data-elementor-lightbox-title=\"jschweler_web_02\" data-e-action-hash=\"#elementor-action%3Aaction%3Dlightbox%26settings%3DeyJpZCI6NDMwLCJ1cmwiOiJodHRwczpcL1wvamVzc2ljYS1zY2hlbGVyLmRlXC9lc3Nlblwvd3AtY29udGVudFwvdXBsb2Fkc1wvc2l0ZXNcLzNcLzIwMjNcLzAxXC9qc2Nod2VsZXJfd2ViXzAyLmpwZyIsInNsaWRlc2hvdyI6IjdkYzc5NWUifQ%3D%3D\">\n\t\t\t\t\t<div class=\"e-gallery-image elementor-gallery-item__image\" data-thumbnail=\"https:\/\/jessica-scheler.de\/essen\/wp-content\/uploads\/sites\/3\/2023\/01\/jschweler_web_02.jpg\" data-width=\"1200\" data-height=\"803\" aria-label=\"Salon Essen\" role=\"img\" ><\/div>\n\t\t\t\t\t\t\t\t\t\t\t<div class=\"elementor-gallery-item__overlay\"><\/div>\n\t\t\t\t\t\t\t\t\t\t\t\t\t\t<\/a>\n\t\t\t\t\t\t\t<a class=\"e-gallery-item elementor-gallery-item elementor-animated-content\" href=\"https:\/\/jessica-scheler.de\/essen\/wp-content\/uploads\/sites\/3\/2023\/01\/jschweler_web_01.jpg\" data-elementor-open-lightbox=\"yes\" data-elementor-lightbox-slideshow=\"7dc795e\" data-elementor-lightbox-title=\"jschweler_web_01\" data-e-action-hash=\"#elementor-action%3Aaction%3Dlightbox%26settings%3DeyJpZCI6NDI5LCJ1cmwiOiJodHRwczpcL1wvamVzc2ljYS1zY2hlbGVyLmRlXC9lc3Nlblwvd3AtY29udGVudFwvdXBsb2Fkc1wvc2l0ZXNcLzNcLzIwMjNcLzAxXC9qc2Nod2VsZXJfd2ViXzAxLmpwZyIsInNsaWRlc2hvdyI6IjdkYzc5NWUifQ%3D%3D\">\n\t\t\t\t\t<div class=\"e-gallery-image elementor-gallery-item__image\" data-thumbnail=\"https:\/\/jessica-scheler.de\/essen\/wp-content\/uploads\/sites\/3\/2023\/01\/jschweler_web_01.jpg\" data-width=\"1200\" data-height=\"803\" aria-label=\"Salon Essen\" role=\"img\" ><\/div>\n\t\t\t\t\t\t\t\t\t\t\t<div class=\"elementor-gallery-item__overlay\"><\/div>\n\t\t\t\t\t\t\t\t\t\t\t\t\t\t<\/a>\n\t\t\t\t\t<\/div>\n\t\t\t\t\t<\/div>\n\t\t\t\t<\/div>\n\t\t\t\t\t<\/div>\n\t\t<\/div>\n\t\t\t\t\t<\/div>\n\t\t<\/section>\n\t\t\t\t<\/div>\n\t\t","protected":false},"excerpt":{"rendered":"<p>WILLKOMMEN IN ESSEN-KETTWIG Diesen Augenblick der Ruhe finden Sie bei uns in unseren einzigartigen hellen und freundlichen Salon, welcher schon beim ersten Betreten eine sch\u00f6ne Atmosph\u00e4re vermittelt. In einem hellen, warmen und modernen Interieur bieten wir unseren Kunden eine intensive Beratung und eine pers\u00f6nliches Friseurerlebnis. Entspannen Sie im Herzen von Essen-Kettwig bei exklusiven Haar-, Haut- [&hellip;]<\/p>\n","protected":false},"author":1,"featured_media":0,"parent":0,"menu_order":0,"comment_status":"closed","ping_status":"closed","template":"elementor_header_footer","meta":{"footnotes":""},"class_list":["post-26","page","type-page","status-publish","hentry"],"yoast_head":"<!-- This site is optimized with the Yoast SEO plugin v27.3 - https:\/\/yoast.com\/product\/yoast-seo-wordpress\/ -->\n<title>Der Salon - Jessica Scheler - hair professionals - Essen<\/title>\n<meta name=\"robots\" content=\"index, follow, max-snippet:-1, max-image-preview:large, max-video-preview:-1\" \/>\n<link rel=\"canonical\" href=\"https:\/\/jessica-scheler.de\/essen\/salon-essen\/\" \/>\n<meta property=\"og:locale\" content=\"de_DE\" \/>\n<meta property=\"og:type\" content=\"article\" \/>\n<meta property=\"og:title\" content=\"Der Salon - Jessica Scheler - hair professionals - Essen\" \/>\n<meta property=\"og:description\" content=\"WILLKOMMEN IN ESSEN-KETTWIG Diesen Augenblick der Ruhe finden Sie bei uns in unseren einzigartigen hellen und freundlichen Salon, welcher schon beim ersten Betreten eine sch\u00f6ne Atmosph\u00e4re vermittelt. In einem hellen, warmen und modernen Interieur bieten wir unseren Kunden eine intensive Beratung und eine pers\u00f6nliches Friseurerlebnis. Entspannen Sie im Herzen von Essen-Kettwig bei exklusiven Haar-, Haut- [&hellip;]\" \/>\n<meta property=\"og:url\" content=\"https:\/\/jessica-scheler.de\/essen\/salon-essen\/\" \/>\n<meta property=\"og:site_name\" content=\"Jessica Scheler - hair professionals - Essen\" \/>\n<meta property=\"article:modified_time\" content=\"2024-07-24T09:53:27+00:00\" \/>\n<meta name=\"twitter:card\" content=\"summary_large_image\" \/>\n<meta name=\"twitter:label1\" content=\"Gesch\u00e4tzte Lesezeit\" \/>\n\t<meta name=\"twitter:data1\" content=\"1\u00a0Minute\" \/>\n<script type=\"application\/ld+json\" class=\"yoast-schema-graph\">{\"@context\":\"https:\\\/\\\/schema.org\",\"@graph\":[{\"@type\":\"WebPage\",\"@id\":\"https:\\\/\\\/jessica-scheler.de\\\/essen\\\/salon-essen\\\/\",\"url\":\"https:\\\/\\\/jessica-scheler.de\\\/essen\\\/salon-essen\\\/\",\"name\":\"Der Salon - Jessica Scheler - hair professionals - Essen\",\"isPartOf\":{\"@id\":\"https:\\\/\\\/jessica-scheler.de\\\/essen\\\/#website\"},\"datePublished\":\"2023-01-12T13:30:46+00:00\",\"dateModified\":\"2024-07-24T09:53:27+00:00\",\"breadcrumb\":{\"@id\":\"https:\\\/\\\/jessica-scheler.de\\\/essen\\\/salon-essen\\\/#breadcrumb\"},\"inLanguage\":\"de\",\"potentialAction\":[{\"@type\":\"ReadAction\",\"target\":[\"https:\\\/\\\/jessica-scheler.de\\\/essen\\\/salon-essen\\\/\"]}]},{\"@type\":\"BreadcrumbList\",\"@id\":\"https:\\\/\\\/jessica-scheler.de\\\/essen\\\/salon-essen\\\/#breadcrumb\",\"itemListElement\":[{\"@type\":\"ListItem\",\"position\":1,\"name\":\"Startseite\",\"item\":\"https:\\\/\\\/jessica-scheler.de\\\/essen\\\/\"},{\"@type\":\"ListItem\",\"position\":2,\"name\":\"Der Salon\"}]},{\"@type\":\"WebSite\",\"@id\":\"https:\\\/\\\/jessica-scheler.de\\\/essen\\\/#website\",\"url\":\"https:\\\/\\\/jessica-scheler.de\\\/essen\\\/\",\"name\":\"Jessica Scheler - hair professionals - Essen\",\"description\":\"Ihr Friseur in Essen\",\"publisher\":{\"@id\":\"https:\\\/\\\/jessica-scheler.de\\\/essen\\\/#organization\"},\"potentialAction\":[{\"@type\":\"SearchAction\",\"target\":{\"@type\":\"EntryPoint\",\"urlTemplate\":\"https:\\\/\\\/jessica-scheler.de\\\/essen\\\/?s={search_term_string}\"},\"query-input\":{\"@type\":\"PropertyValueSpecification\",\"valueRequired\":true,\"valueName\":\"search_term_string\"}}],\"inLanguage\":\"de\"},{\"@type\":\"Organization\",\"@id\":\"https:\\\/\\\/jessica-scheler.de\\\/essen\\\/#organization\",\"name\":\"Jessica Scheler - hair professionals - Essen\",\"url\":\"https:\\\/\\\/jessica-scheler.de\\\/essen\\\/\",\"logo\":{\"@type\":\"ImageObject\",\"inLanguage\":\"de\",\"@id\":\"https:\\\/\\\/jessica-scheler.de\\\/essen\\\/#\\\/schema\\\/logo\\\/image\\\/\",\"url\":\"https:\\\/\\\/jessica-scheler.de\\\/essen\\\/wp-content\\\/uploads\\\/sites\\\/3\\\/2023\\\/01\\\/Jessica_Scheler_Logo.png\",\"contentUrl\":\"https:\\\/\\\/jessica-scheler.de\\\/essen\\\/wp-content\\\/uploads\\\/sites\\\/3\\\/2023\\\/01\\\/Jessica_Scheler_Logo.png\",\"width\":1000,\"height\":190,\"caption\":\"Jessica Scheler - hair professionals - Essen\"},\"image\":{\"@id\":\"https:\\\/\\\/jessica-scheler.de\\\/essen\\\/#\\\/schema\\\/logo\\\/image\\\/\"}}]}<\/script>\n<!-- \/ Yoast SEO plugin. -->","yoast_head_json":{"title":"Der Salon - Jessica Scheler - hair professionals - Essen","robots":{"index":"index","follow":"follow","max-snippet":"max-snippet:-1","max-image-preview":"max-image-preview:large","max-video-preview":"max-video-preview:-1"},"canonical":"https:\/\/jessica-scheler.de\/essen\/salon-essen\/","og_locale":"de_DE","og_type":"article","og_title":"Der Salon - Jessica Scheler - hair professionals - Essen","og_description":"WILLKOMMEN IN ESSEN-KETTWIG Diesen Augenblick der Ruhe finden Sie bei uns in unseren einzigartigen hellen und freundlichen Salon, welcher schon beim ersten Betreten eine sch\u00f6ne Atmosph\u00e4re vermittelt. In einem hellen, warmen und modernen Interieur bieten wir unseren Kunden eine intensive Beratung und eine pers\u00f6nliches Friseurerlebnis. Entspannen Sie im Herzen von Essen-Kettwig bei exklusiven Haar-, Haut- [&hellip;]","og_url":"https:\/\/jessica-scheler.de\/essen\/salon-essen\/","og_site_name":"Jessica Scheler - hair professionals - Essen","article_modified_time":"2024-07-24T09:53:27+00:00","twitter_card":"summary_large_image","twitter_misc":{"Gesch\u00e4tzte Lesezeit":"1\u00a0Minute"},"schema":{"@context":"https:\/\/schema.org","@graph":[{"@type":"WebPage","@id":"https:\/\/jessica-scheler.de\/essen\/salon-essen\/","url":"https:\/\/jessica-scheler.de\/essen\/salon-essen\/","name":"Der Salon - Jessica Scheler - hair professionals - Essen","isPartOf":{"@id":"https:\/\/jessica-scheler.de\/essen\/#website"},"datePublished":"2023-01-12T13:30:46+00:00","dateModified":"2024-07-24T09:53:27+00:00","breadcrumb":{"@id":"https:\/\/jessica-scheler.de\/essen\/salon-essen\/#breadcrumb"},"inLanguage":"de","potentialAction":[{"@type":"ReadAction","target":["https:\/\/jessica-scheler.de\/essen\/salon-essen\/"]}]},{"@type":"BreadcrumbList","@id":"https:\/\/jessica-scheler.de\/essen\/salon-essen\/#breadcrumb","itemListElement":[{"@type":"ListItem","position":1,"name":"Startseite","item":"https:\/\/jessica-scheler.de\/essen\/"},{"@type":"ListItem","position":2,"name":"Der Salon"}]},{"@type":"WebSite","@id":"https:\/\/jessica-scheler.de\/essen\/#website","url":"https:\/\/jessica-scheler.de\/essen\/","name":"Jessica Scheler - hair professionals - Essen","description":"Ihr Friseur in Essen","publisher":{"@id":"https:\/\/jessica-scheler.de\/essen\/#organization"},"potentialAction":[{"@type":"SearchAction","target":{"@type":"EntryPoint","urlTemplate":"https:\/\/jessica-scheler.de\/essen\/?s={search_term_string}"},"query-input":{"@type":"PropertyValueSpecification","valueRequired":true,"valueName":"search_term_string"}}],"inLanguage":"de"},{"@type":"Organization","@id":"https:\/\/jessica-scheler.de\/essen\/#organization","name":"Jessica Scheler - hair professionals - Essen","url":"https:\/\/jessica-scheler.de\/essen\/","logo":{"@type":"ImageObject","inLanguage":"de","@id":"https:\/\/jessica-scheler.de\/essen\/#\/schema\/logo\/image\/","url":"https:\/\/jessica-scheler.de\/essen\/wp-content\/uploads\/sites\/3\/2023\/01\/Jessica_Scheler_Logo.png","contentUrl":"https:\/\/jessica-scheler.de\/essen\/wp-content\/uploads\/sites\/3\/2023\/01\/Jessica_Scheler_Logo.png","width":1000,"height":190,"caption":"Jessica Scheler - hair professionals - Essen"},"image":{"@id":"https:\/\/jessica-scheler.de\/essen\/#\/schema\/logo\/image\/"}}]}},"_links":{"self":[{"href":"https:\/\/jessica-scheler.de\/essen\/wp-json\/wp\/v2\/pages\/26","targetHints":{"allow":["GET"]}}],"collection":[{"href":"https:\/\/jessica-scheler.de\/essen\/wp-json\/wp\/v2\/pages"}],"about":[{"href":"https:\/\/jessica-scheler.de\/essen\/wp-json\/wp\/v2\/types\/page"}],"author":[{"embeddable":true,"href":"https:\/\/jessica-scheler.de\/essen\/wp-json\/wp\/v2\/users\/1"}],"replies":[{"embeddable":true,"href":"https:\/\/jessica-scheler.de\/essen\/wp-json\/wp\/v2\/comments?post=26"}],"version-history":[{"count":70,"href":"https:\/\/jessica-scheler.de\/essen\/wp-json\/wp\/v2\/pages\/26\/revisions"}],"predecessor-version":[{"id":1726,"href":"https:\/\/jessica-scheler.de\/essen\/wp-json\/wp\/v2\/pages\/26\/revisions\/1726"}],"wp:attachment":[{"href":"https:\/\/jessica-scheler.de\/essen\/wp-json\/wp\/v2\/media?parent=26"}],"curies":[{"name":"wp","href":"https:\/\/api.w.org\/{rel}","templated":true}]}}