{"id":38,"date":"2023-01-12T14:36:15","date_gmt":"2023-01-12T13:36:15","guid":{"rendered":"https:\/\/update.jessica-scheler.de\/essen\/?page_id=38"},"modified":"2024-07-24T11:57:22","modified_gmt":"2024-07-24T09:57:22","slug":"preise","status":"publish","type":"page","link":"https:\/\/jessica-scheler.de\/essen\/preise\/","title":{"rendered":"Preise"},"content":{"rendered":"\t\t<div data-elementor-type=\"wp-page\" data-elementor-id=\"38\" class=\"elementor elementor-38\" data-elementor-post-type=\"page\">\n\t\t\t\t\t\t<section class=\"elementor-section elementor-top-section elementor-element elementor-element-16baa799 elementor-section-full_width elementor-section-height-default elementor-section-height-default\" data-id=\"16baa799\" data-element_type=\"section\" data-e-type=\"section\">\n\t\t\t\t\t\t<div class=\"elementor-container elementor-column-gap-no\">\n\t\t\t\t\t<div class=\"elementor-column elementor-col-100 elementor-top-column elementor-element elementor-element-5bb07df0\" data-id=\"5bb07df0\" data-element_type=\"column\" data-e-type=\"column\">\n\t\t\t<div class=\"elementor-widget-wrap elementor-element-populated\">\n\t\t\t\t\t\t<div class=\"elementor-element elementor-element-64478054 elementor--h-position-center elementor--v-position-middle elementor-arrows-position-inside elementor-widget elementor-widget-slides\" data-id=\"64478054\" data-element_type=\"widget\" data-e-type=\"widget\" data-settings=\"{&quot;transition&quot;:&quot;fade&quot;,&quot;navigation&quot;:&quot;arrows&quot;,&quot;autoplay&quot;:&quot;yes&quot;,&quot;pause_on_hover&quot;:&quot;yes&quot;,&quot;pause_on_interaction&quot;:&quot;yes&quot;,&quot;autoplay_speed&quot;:5000,&quot;infinite&quot;:&quot;yes&quot;,&quot;transition_speed&quot;:500}\" data-widget_type=\"slides.default\">\n\t\t\t\t<div class=\"elementor-widget-container\">\n\t\t\t\t\t\t\t\t\t<div class=\"elementor-swiper\">\n\t\t\t\t\t<div class=\"elementor-slides-wrapper elementor-main-swiper swiper\" role=\"region\" aria-roledescription=\"carousel\" aria-label=\"Slider\" dir=\"ltr\" data-animation=\"fadeInUp\">\n\t\t\t\t<div class=\"swiper-wrapper elementor-slides\">\n\t\t\t\t\t\t\t\t\t\t<div class=\"elementor-repeater-item-a614e62 swiper-slide\" role=\"group\" aria-roledescription=\"slide\"><div class=\"swiper-slide-bg elementor-ken-burns elementor-ken-burns--out\" role=\"img\" aria-label=\"Jessica Scheler Salon\"><\/div><div class=\"swiper-slide-inner\" ><div class=\"swiper-slide-contents\"><div class=\"elementor-slide-heading\">Unsere Preise<\/div><\/div><\/div><\/div>\t\t\t\t<\/div>\n\t\t\t\t\t\t\t<\/div>\n\t\t\t\t<\/div>\n\t\t\t\t\t\t\t\t<\/div>\n\t\t\t\t<\/div>\n\t\t\t\t\t<\/div>\n\t\t<\/div>\n\t\t\t\t\t<\/div>\n\t\t<\/section>\n\t\t\t\t<section class=\"elementor-section elementor-top-section elementor-element elementor-element-413fc3ee elementor-section-boxed elementor-section-height-default elementor-section-height-default\" data-id=\"413fc3ee\" data-element_type=\"section\" data-e-type=\"section\">\n\t\t\t\t\t\t<div class=\"elementor-container elementor-column-gap-no\">\n\t\t\t\t\t<div class=\"elementor-column elementor-col-100 elementor-top-column elementor-element elementor-element-6756cf85\" data-id=\"6756cf85\" data-element_type=\"column\" data-e-type=\"column\">\n\t\t\t<div class=\"elementor-widget-wrap elementor-element-populated\">\n\t\t\t\t\t\t<div class=\"elementor-element elementor-element-166e3671 elementor-widget elementor-widget-heading\" data-id=\"166e3671\" data-element_type=\"widget\" data-e-type=\"widget\" data-widget_type=\"heading.default\">\n\t\t\t\t<div class=\"elementor-widget-container\">\n\t\t\t\t\t<h1 class=\"elementor-heading-title elementor-size-default\">Preis\u00fcbersicht\n<\/h1>\t\t\t\t<\/div>\n\t\t\t\t<\/div>\n\t\t\t\t<div class=\"elementor-element elementor-element-46af3572 elementor-widget-divider--view-line elementor-widget elementor-widget-divider\" data-id=\"46af3572\" data-element_type=\"widget\" data-e-type=\"widget\" data-widget_type=\"divider.default\">\n\t\t\t\t<div class=\"elementor-widget-container\">\n\t\t\t\t\t\t\t<div class=\"elementor-divider\">\n\t\t\t<span class=\"elementor-divider-separator\">\n\t\t\t\t\t\t<\/span>\n\t\t<\/div>\n\t\t\t\t\t\t<\/div>\n\t\t\t\t<\/div>\n\t\t\t\t<section class=\"elementor-section elementor-inner-section elementor-element elementor-element-2810b9dd elementor-section-full_width elementor-section-height-default elementor-section-height-default\" data-id=\"2810b9dd\" data-element_type=\"section\" data-e-type=\"section\">\n\t\t\t\t\t\t<div class=\"elementor-container elementor-column-gap-no\">\n\t\t\t\t\t<div class=\"elementor-column elementor-col-100 elementor-inner-column elementor-element elementor-element-6bff207c\" data-id=\"6bff207c\" data-element_type=\"column\" data-e-type=\"column\">\n\t\t\t<div class=\"elementor-widget-wrap elementor-element-populated\">\n\t\t\t\t\t\t<div class=\"elementor-element elementor-element-7ca124ae elementor-widget elementor-widget-text-editor\" data-id=\"7ca124ae\" data-element_type=\"widget\" data-e-type=\"widget\" data-widget_type=\"text-editor.default\">\n\t\t\t\t<div class=\"elementor-widget-container\">\n\t\t\t\t\t\t\t\t\t<p>Bei R\u00fcckfragen zu unseren Vorteilspaketen stehen wir gerne zur Verf\u00fcgung.<\/p>\t\t\t\t\t\t\t\t<\/div>\n\t\t\t\t<\/div>\n\t\t\t\t\t<\/div>\n\t\t<\/div>\n\t\t\t\t\t<\/div>\n\t\t<\/section>\n\t\t\t\t\t<\/div>\n\t\t<\/div>\n\t\t\t\t\t<\/div>\n\t\t<\/section>\n\t\t\t\t<section class=\"elementor-section elementor-top-section elementor-element elementor-element-20397358 elementor-section-boxed elementor-section-height-default elementor-section-height-default\" data-id=\"20397358\" data-element_type=\"section\" data-e-type=\"section\">\n\t\t\t\t\t\t<div class=\"elementor-container elementor-column-gap-no\">\n\t\t\t\t\t<div class=\"elementor-column elementor-col-100 elementor-top-column elementor-element elementor-element-18c3ba7e\" data-id=\"18c3ba7e\" data-element_type=\"column\" data-e-type=\"column\">\n\t\t\t<div class=\"elementor-widget-wrap elementor-element-populated\">\n\t\t\t\t\t\t<div class=\"elementor-element elementor-element-e6d8cb9 elementor-widget elementor-widget-image\" data-id=\"e6d8cb9\" data-element_type=\"widget\" data-e-type=\"widget\" data-widget_type=\"image.default\">\n\t\t\t\t<div class=\"elementor-widget-container\">\n\t\t\t\t\t\t\t\t\t\t\t\t\t\t\t<img fetchpriority=\"high\" decoding=\"async\" width=\"2480\" height=\"6553\" src=\"https:\/\/jessica-scheler.de\/essen\/wp-content\/uploads\/sites\/3\/2023\/10\/Jessica_Scheler_Preisbanner_DINAlang.png\" class=\"attachment-full size-full wp-image-1657\" alt=\"\" srcset=\"https:\/\/jessica-scheler.de\/essen\/wp-content\/uploads\/sites\/3\/2023\/10\/Jessica_Scheler_Preisbanner_DINAlang.png 2480w, https:\/\/jessica-scheler.de\/essen\/wp-content\/uploads\/sites\/3\/2023\/10\/Jessica_Scheler_Preisbanner_DINAlang-114x300.png 114w, https:\/\/jessica-scheler.de\/essen\/wp-content\/uploads\/sites\/3\/2023\/10\/Jessica_Scheler_Preisbanner_DINAlang-388x1024.png 388w, https:\/\/jessica-scheler.de\/essen\/wp-content\/uploads\/sites\/3\/2023\/10\/Jessica_Scheler_Preisbanner_DINAlang-768x2029.png 768w, https:\/\/jessica-scheler.de\/essen\/wp-content\/uploads\/sites\/3\/2023\/10\/Jessica_Scheler_Preisbanner_DINAlang-581x1536.png 581w, https:\/\/jessica-scheler.de\/essen\/wp-content\/uploads\/sites\/3\/2023\/10\/Jessica_Scheler_Preisbanner_DINAlang-775x2048.png 775w\" sizes=\"(max-width: 2480px) 100vw, 2480px\" \/>\t\t\t\t\t\t\t\t\t\t\t\t\t\t\t<\/div>\n\t\t\t\t<\/div>\n\t\t\t\t\t<\/div>\n\t\t<\/div>\n\t\t\t\t\t<\/div>\n\t\t<\/section>\n\t\t\t\t<\/div>\n\t\t","protected":false},"excerpt":{"rendered":"<p>Unsere Preise Preis\u00fcbersicht Bei R\u00fcckfragen zu unseren Vorteilspaketen stehen wir gerne zur Verf\u00fcgung.<\/p>\n","protected":false},"author":1,"featured_media":0,"parent":0,"menu_order":0,"comment_status":"closed","ping_status":"closed","template":"elementor_header_footer","meta":{"footnotes":""},"class_list":["post-38","page","type-page","status-publish","hentry"],"yoast_head":"<!-- This site is optimized with the Yoast SEO plugin v27.3 - https:\/\/yoast.com\/product\/yoast-seo-wordpress\/ -->\n<title>Preise - Jessica Scheler - hair professionals - Essen<\/title>\n<meta name=\"robots\" content=\"index, follow, max-snippet:-1, max-image-preview:large, max-video-preview:-1\" \/>\n<link rel=\"canonical\" href=\"https:\/\/jessica-scheler.de\/essen\/preise\/\" \/>\n<meta property=\"og:locale\" content=\"de_DE\" \/>\n<meta property=\"og:type\" content=\"article\" \/>\n<meta property=\"og:title\" content=\"Preise - Jessica Scheler - hair professionals - Essen\" \/>\n<meta property=\"og:description\" content=\"Unsere Preise Preis\u00fcbersicht Bei R\u00fcckfragen zu unseren Vorteilspaketen stehen wir gerne zur Verf\u00fcgung.\" \/>\n<meta property=\"og:url\" content=\"https:\/\/jessica-scheler.de\/essen\/preise\/\" \/>\n<meta property=\"og:site_name\" content=\"Jessica Scheler - hair professionals - Essen\" \/>\n<meta property=\"article:modified_time\" content=\"2024-07-24T09:57:22+00:00\" \/>\n<meta property=\"og:image\" content=\"https:\/\/jessica-scheler.de\/essen\/wp-content\/uploads\/sites\/3\/2023\/10\/Jessica_Scheler_Preisbanner_DINAlang.png\" \/>\n<meta name=\"twitter:card\" content=\"summary_large_image\" \/>\n<meta name=\"twitter:label1\" content=\"Gesch\u00e4tzte Lesezeit\" \/>\n\t<meta name=\"twitter:data1\" content=\"1\u00a0Minute\" \/>\n<script type=\"application\/ld+json\" class=\"yoast-schema-graph\">{\"@context\":\"https:\\\/\\\/schema.org\",\"@graph\":[{\"@type\":\"WebPage\",\"@id\":\"https:\\\/\\\/jessica-scheler.de\\\/essen\\\/preise\\\/\",\"url\":\"https:\\\/\\\/jessica-scheler.de\\\/essen\\\/preise\\\/\",\"name\":\"Preise - Jessica Scheler - hair professionals - Essen\",\"isPartOf\":{\"@id\":\"https:\\\/\\\/jessica-scheler.de\\\/essen\\\/#website\"},\"primaryImageOfPage\":{\"@id\":\"https:\\\/\\\/jessica-scheler.de\\\/essen\\\/preise\\\/#primaryimage\"},\"image\":{\"@id\":\"https:\\\/\\\/jessica-scheler.de\\\/essen\\\/preise\\\/#primaryimage\"},\"thumbnailUrl\":\"https:\\\/\\\/jessica-scheler.de\\\/essen\\\/wp-content\\\/uploads\\\/sites\\\/3\\\/2023\\\/10\\\/Jessica_Scheler_Preisbanner_DINAlang.png\",\"datePublished\":\"2023-01-12T13:36:15+00:00\",\"dateModified\":\"2024-07-24T09:57:22+00:00\",\"breadcrumb\":{\"@id\":\"https:\\\/\\\/jessica-scheler.de\\\/essen\\\/preise\\\/#breadcrumb\"},\"inLanguage\":\"de\",\"potentialAction\":[{\"@type\":\"ReadAction\",\"target\":[\"https:\\\/\\\/jessica-scheler.de\\\/essen\\\/preise\\\/\"]}]},{\"@type\":\"ImageObject\",\"inLanguage\":\"de\",\"@id\":\"https:\\\/\\\/jessica-scheler.de\\\/essen\\\/preise\\\/#primaryimage\",\"url\":\"https:\\\/\\\/jessica-scheler.de\\\/essen\\\/wp-content\\\/uploads\\\/sites\\\/3\\\/2023\\\/10\\\/Jessica_Scheler_Preisbanner_DINAlang.png\",\"contentUrl\":\"https:\\\/\\\/jessica-scheler.de\\\/essen\\\/wp-content\\\/uploads\\\/sites\\\/3\\\/2023\\\/10\\\/Jessica_Scheler_Preisbanner_DINAlang.png\",\"width\":2480,\"height\":6553},{\"@type\":\"BreadcrumbList\",\"@id\":\"https:\\\/\\\/jessica-scheler.de\\\/essen\\\/preise\\\/#breadcrumb\",\"itemListElement\":[{\"@type\":\"ListItem\",\"position\":1,\"name\":\"Startseite\",\"item\":\"https:\\\/\\\/jessica-scheler.de\\\/essen\\\/\"},{\"@type\":\"ListItem\",\"position\":2,\"name\":\"Preise\"}]},{\"@type\":\"WebSite\",\"@id\":\"https:\\\/\\\/jessica-scheler.de\\\/essen\\\/#website\",\"url\":\"https:\\\/\\\/jessica-scheler.de\\\/essen\\\/\",\"name\":\"Jessica Scheler - hair professionals - Essen\",\"description\":\"Ihr Friseur in Essen\",\"publisher\":{\"@id\":\"https:\\\/\\\/jessica-scheler.de\\\/essen\\\/#organization\"},\"potentialAction\":[{\"@type\":\"SearchAction\",\"target\":{\"@type\":\"EntryPoint\",\"urlTemplate\":\"https:\\\/\\\/jessica-scheler.de\\\/essen\\\/?s={search_term_string}\"},\"query-input\":{\"@type\":\"PropertyValueSpecification\",\"valueRequired\":true,\"valueName\":\"search_term_string\"}}],\"inLanguage\":\"de\"},{\"@type\":\"Organization\",\"@id\":\"https:\\\/\\\/jessica-scheler.de\\\/essen\\\/#organization\",\"name\":\"Jessica Scheler - hair professionals - Essen\",\"url\":\"https:\\\/\\\/jessica-scheler.de\\\/essen\\\/\",\"logo\":{\"@type\":\"ImageObject\",\"inLanguage\":\"de\",\"@id\":\"https:\\\/\\\/jessica-scheler.de\\\/essen\\\/#\\\/schema\\\/logo\\\/image\\\/\",\"url\":\"https:\\\/\\\/jessica-scheler.de\\\/essen\\\/wp-content\\\/uploads\\\/sites\\\/3\\\/2023\\\/01\\\/Jessica_Scheler_Logo.png\",\"contentUrl\":\"https:\\\/\\\/jessica-scheler.de\\\/essen\\\/wp-content\\\/uploads\\\/sites\\\/3\\\/2023\\\/01\\\/Jessica_Scheler_Logo.png\",\"width\":1000,\"height\":190,\"caption\":\"Jessica Scheler - hair professionals - Essen\"},\"image\":{\"@id\":\"https:\\\/\\\/jessica-scheler.de\\\/essen\\\/#\\\/schema\\\/logo\\\/image\\\/\"}}]}<\/script>\n<!-- \/ Yoast SEO plugin. -->","yoast_head_json":{"title":"Preise - Jessica Scheler - hair professionals - Essen","robots":{"index":"index","follow":"follow","max-snippet":"max-snippet:-1","max-image-preview":"max-image-preview:large","max-video-preview":"max-video-preview:-1"},"canonical":"https:\/\/jessica-scheler.de\/essen\/preise\/","og_locale":"de_DE","og_type":"article","og_title":"Preise - Jessica Scheler - hair professionals - Essen","og_description":"Unsere Preise Preis\u00fcbersicht Bei R\u00fcckfragen zu unseren Vorteilspaketen stehen wir gerne zur Verf\u00fcgung.","og_url":"https:\/\/jessica-scheler.de\/essen\/preise\/","og_site_name":"Jessica Scheler - hair professionals - Essen","article_modified_time":"2024-07-24T09:57:22+00:00","og_image":[{"url":"https:\/\/jessica-scheler.de\/essen\/wp-content\/uploads\/sites\/3\/2023\/10\/Jessica_Scheler_Preisbanner_DINAlang.png","type":"","width":"","height":""}],"twitter_card":"summary_large_image","twitter_misc":{"Gesch\u00e4tzte Lesezeit":"1\u00a0Minute"},"schema":{"@context":"https:\/\/schema.org","@graph":[{"@type":"WebPage","@id":"https:\/\/jessica-scheler.de\/essen\/preise\/","url":"https:\/\/jessica-scheler.de\/essen\/preise\/","name":"Preise - Jessica Scheler - hair professionals - Essen","isPartOf":{"@id":"https:\/\/jessica-scheler.de\/essen\/#website"},"primaryImageOfPage":{"@id":"https:\/\/jessica-scheler.de\/essen\/preise\/#primaryimage"},"image":{"@id":"https:\/\/jessica-scheler.de\/essen\/preise\/#primaryimage"},"thumbnailUrl":"https:\/\/jessica-scheler.de\/essen\/wp-content\/uploads\/sites\/3\/2023\/10\/Jessica_Scheler_Preisbanner_DINAlang.png","datePublished":"2023-01-12T13:36:15+00:00","dateModified":"2024-07-24T09:57:22+00:00","breadcrumb":{"@id":"https:\/\/jessica-scheler.de\/essen\/preise\/#breadcrumb"},"inLanguage":"de","potentialAction":[{"@type":"ReadAction","target":["https:\/\/jessica-scheler.de\/essen\/preise\/"]}]},{"@type":"ImageObject","inLanguage":"de","@id":"https:\/\/jessica-scheler.de\/essen\/preise\/#primaryimage","url":"https:\/\/jessica-scheler.de\/essen\/wp-content\/uploads\/sites\/3\/2023\/10\/Jessica_Scheler_Preisbanner_DINAlang.png","contentUrl":"https:\/\/jessica-scheler.de\/essen\/wp-content\/uploads\/sites\/3\/2023\/10\/Jessica_Scheler_Preisbanner_DINAlang.png","width":2480,"height":6553},{"@type":"BreadcrumbList","@id":"https:\/\/jessica-scheler.de\/essen\/preise\/#breadcrumb","itemListElement":[{"@type":"ListItem","position":1,"name":"Startseite","item":"https:\/\/jessica-scheler.de\/essen\/"},{"@type":"ListItem","position":2,"name":"Preise"}]},{"@type":"WebSite","@id":"https:\/\/jessica-scheler.de\/essen\/#website","url":"https:\/\/jessica-scheler.de\/essen\/","name":"Jessica Scheler - hair professionals - Essen","description":"Ihr Friseur in Essen","publisher":{"@id":"https:\/\/jessica-scheler.de\/essen\/#organization"},"potentialAction":[{"@type":"SearchAction","target":{"@type":"EntryPoint","urlTemplate":"https:\/\/jessica-scheler.de\/essen\/?s={search_term_string}"},"query-input":{"@type":"PropertyValueSpecification","valueRequired":true,"valueName":"search_term_string"}}],"inLanguage":"de"},{"@type":"Organization","@id":"https:\/\/jessica-scheler.de\/essen\/#organization","name":"Jessica Scheler - hair professionals - Essen","url":"https:\/\/jessica-scheler.de\/essen\/","logo":{"@type":"ImageObject","inLanguage":"de","@id":"https:\/\/jessica-scheler.de\/essen\/#\/schema\/logo\/image\/","url":"https:\/\/jessica-scheler.de\/essen\/wp-content\/uploads\/sites\/3\/2023\/01\/Jessica_Scheler_Logo.png","contentUrl":"https:\/\/jessica-scheler.de\/essen\/wp-content\/uploads\/sites\/3\/2023\/01\/Jessica_Scheler_Logo.png","width":1000,"height":190,"caption":"Jessica Scheler - hair professionals - Essen"},"image":{"@id":"https:\/\/jessica-scheler.de\/essen\/#\/schema\/logo\/image\/"}}]}},"_links":{"self":[{"href":"https:\/\/jessica-scheler.de\/essen\/wp-json\/wp\/v2\/pages\/38","targetHints":{"allow":["GET"]}}],"collection":[{"href":"https:\/\/jessica-scheler.de\/essen\/wp-json\/wp\/v2\/pages"}],"about":[{"href":"https:\/\/jessica-scheler.de\/essen\/wp-json\/wp\/v2\/types\/page"}],"author":[{"embeddable":true,"href":"https:\/\/jessica-scheler.de\/essen\/wp-json\/wp\/v2\/users\/1"}],"replies":[{"embeddable":true,"href":"https:\/\/jessica-scheler.de\/essen\/wp-json\/wp\/v2\/comments?post=38"}],"version-history":[{"count":31,"href":"https:\/\/jessica-scheler.de\/essen\/wp-json\/wp\/v2\/pages\/38\/revisions"}],"predecessor-version":[{"id":1750,"href":"https:\/\/jessica-scheler.de\/essen\/wp-json\/wp\/v2\/pages\/38\/revisions\/1750"}],"wp:attachment":[{"href":"https:\/\/jessica-scheler.de\/essen\/wp-json\/wp\/v2\/media?parent=38"}],"curies":[{"name":"wp","href":"https:\/\/api.w.org\/{rel}","templated":true}]}}