{"id":40,"date":"2023-01-12T14:36:39","date_gmt":"2023-01-12T13:36:39","guid":{"rendered":"https:\/\/update.jessica-scheler.de\/essen\/?page_id=40"},"modified":"2024-07-24T11:56:08","modified_gmt":"2024-07-24T09:56:08","slug":"jobs","status":"publish","type":"page","link":"https:\/\/jessica-scheler.de\/essen\/jobs\/","title":{"rendered":"Jobs"},"content":{"rendered":"\t\t<div data-elementor-type=\"wp-page\" data-elementor-id=\"40\" class=\"elementor elementor-40\" data-elementor-post-type=\"page\">\n\t\t\t\t\t\t<section class=\"elementor-section elementor-top-section elementor-element elementor-element-984a43b elementor-section-full_width elementor-section-height-default elementor-section-height-default\" data-id=\"984a43b\" data-element_type=\"section\" data-e-type=\"section\">\n\t\t\t\t\t\t<div class=\"elementor-container elementor-column-gap-no\">\n\t\t\t\t\t<div class=\"elementor-column elementor-col-100 elementor-top-column elementor-element elementor-element-69b9d659\" data-id=\"69b9d659\" data-element_type=\"column\" data-e-type=\"column\">\n\t\t\t<div class=\"elementor-widget-wrap elementor-element-populated\">\n\t\t\t\t\t\t<div class=\"elementor-element elementor-element-2f379e65 elementor--h-position-center elementor--v-position-middle elementor-arrows-position-inside elementor-widget elementor-widget-slides\" data-id=\"2f379e65\" data-element_type=\"widget\" data-e-type=\"widget\" data-settings=\"{&quot;transition&quot;:&quot;fade&quot;,&quot;navigation&quot;:&quot;arrows&quot;,&quot;autoplay&quot;:&quot;yes&quot;,&quot;pause_on_hover&quot;:&quot;yes&quot;,&quot;pause_on_interaction&quot;:&quot;yes&quot;,&quot;autoplay_speed&quot;:5000,&quot;infinite&quot;:&quot;yes&quot;,&quot;transition_speed&quot;:500}\" data-widget_type=\"slides.default\">\n\t\t\t\t<div class=\"elementor-widget-container\">\n\t\t\t\t\t\t\t\t\t<div class=\"elementor-swiper\">\n\t\t\t\t\t<div class=\"elementor-slides-wrapper elementor-main-swiper swiper\" role=\"region\" aria-roledescription=\"carousel\" aria-label=\"Slider\" dir=\"ltr\" data-animation=\"fadeInUp\">\n\t\t\t\t<div class=\"swiper-wrapper elementor-slides\">\n\t\t\t\t\t\t\t\t\t\t<div class=\"elementor-repeater-item-db12b53 swiper-slide\" role=\"group\" aria-roledescription=\"slide\"><div class=\"swiper-slide-bg elementor-ken-burns elementor-ken-burns--out\" role=\"img\" aria-label=\"Farbbehandlung\"><\/div><div class=\"swiper-slide-inner\" ><div class=\"swiper-slide-contents\"><div class=\"elementor-slide-heading\">Wir suchen Dich<\/div><\/div><\/div><\/div>\t\t\t\t<\/div>\n\t\t\t\t\t\t\t<\/div>\n\t\t\t\t<\/div>\n\t\t\t\t\t\t\t\t<\/div>\n\t\t\t\t<\/div>\n\t\t\t\t\t<\/div>\n\t\t<\/div>\n\t\t\t\t\t<\/div>\n\t\t<\/section>\n\t\t\t\t<section class=\"elementor-section elementor-top-section elementor-element elementor-element-460cf960 elementor-section-boxed elementor-section-height-default elementor-section-height-default\" data-id=\"460cf960\" data-element_type=\"section\" data-e-type=\"section\">\n\t\t\t\t\t\t<div class=\"elementor-container elementor-column-gap-no\">\n\t\t\t\t\t<div class=\"elementor-column elementor-col-100 elementor-top-column elementor-element elementor-element-4c9c3b11\" data-id=\"4c9c3b11\" data-element_type=\"column\" data-e-type=\"column\">\n\t\t\t<div class=\"elementor-widget-wrap elementor-element-populated\">\n\t\t\t\t\t\t<div class=\"elementor-element elementor-element-12054661 elementor-widget elementor-widget-heading\" data-id=\"12054661\" data-element_type=\"widget\" data-e-type=\"widget\" data-widget_type=\"heading.default\">\n\t\t\t\t<div class=\"elementor-widget-container\">\n\t\t\t\t\t<h1 class=\"elementor-heading-title elementor-size-default\">Werde Teil unseres Teams<\/h1>\t\t\t\t<\/div>\n\t\t\t\t<\/div>\n\t\t\t\t<div class=\"elementor-element elementor-element-504a89fb elementor-widget-divider--view-line elementor-widget elementor-widget-divider\" data-id=\"504a89fb\" data-element_type=\"widget\" data-e-type=\"widget\" data-widget_type=\"divider.default\">\n\t\t\t\t<div class=\"elementor-widget-container\">\n\t\t\t\t\t\t\t<div class=\"elementor-divider\">\n\t\t\t<span class=\"elementor-divider-separator\">\n\t\t\t\t\t\t<\/span>\n\t\t<\/div>\n\t\t\t\t\t\t<\/div>\n\t\t\t\t<\/div>\n\t\t\t\t<div class=\"elementor-element elementor-element-53ffc73 elementor-widget elementor-widget-text-editor\" data-id=\"53ffc73\" data-element_type=\"widget\" data-e-type=\"widget\" data-widget_type=\"text-editor.default\">\n\t\t\t\t<div class=\"elementor-widget-container\">\n\t\t\t\t\t\t\t\t\t<p>Du suchst eine neue Herausforderung und bist Friseur\/-in aus Leidenschaft?<br \/>Dann bewirb&#8216; Dich jetzt und wir freuen uns jetzt schon Dich pers\u00f6nlich kennen zu lernen.<\/p>\t\t\t\t\t\t\t\t<\/div>\n\t\t\t\t<\/div>\n\t\t\t\t\t<\/div>\n\t\t<\/div>\n\t\t\t\t\t<\/div>\n\t\t<\/section>\n\t\t\t\t<section class=\"elementor-section elementor-top-section elementor-element elementor-element-ad065c5 elementor-section-boxed elementor-section-height-default elementor-section-height-default\" data-id=\"ad065c5\" data-element_type=\"section\" data-e-type=\"section\">\n\t\t\t\t\t\t<div class=\"elementor-container elementor-column-gap-no\">\n\t\t\t\t\t<div class=\"elementor-column elementor-col-100 elementor-top-column elementor-element elementor-element-abb27f2\" data-id=\"abb27f2\" data-element_type=\"column\" data-e-type=\"column\">\n\t\t\t<div class=\"elementor-widget-wrap elementor-element-populated\">\n\t\t\t\t\t\t<div class=\"elementor-element elementor-element-1d93e9c elementor-button-align-center elementor-widget elementor-widget-form\" data-id=\"1d93e9c\" data-element_type=\"widget\" data-e-type=\"widget\" data-settings=\"{&quot;step_next_label&quot;:&quot;N\\u00e4chster&quot;,&quot;step_previous_label&quot;:&quot;Voriger&quot;,&quot;button_width&quot;:&quot;100&quot;,&quot;step_type&quot;:&quot;number_text&quot;,&quot;step_icon_shape&quot;:&quot;circle&quot;}\" data-widget_type=\"form.default\">\n\t\t\t\t<div class=\"elementor-widget-container\">\n\t\t\t\t\t\t\t<form class=\"elementor-form\" method=\"post\" id=\"jobs_essen\" name=\"Kontaktformular_Essen\" aria-label=\"Kontaktformular_Essen\">\n\t\t\t<input type=\"hidden\" name=\"post_id\" value=\"40\"\/>\n\t\t\t<input type=\"hidden\" name=\"form_id\" value=\"1d93e9c\"\/>\n\t\t\t<input type=\"hidden\" name=\"referer_title\" value=\"Jobs - Jessica Scheler - hair professionals - Essen\" \/>\n\n\t\t\t\t\t\t\t<input type=\"hidden\" name=\"queried_id\" value=\"40\"\/>\n\t\t\t\n\t\t\t<div class=\"elementor-form-fields-wrapper elementor-labels-above\">\n\t\t\t\t\t\t\t\t<div class=\"elementor-field-type-text elementor-field-group elementor-column elementor-field-group-field_9fe3d15 elementor-col-50 elementor-field-required elementor-mark-required\">\n\t\t\t\t\t\t\t\t\t\t\t\t<label for=\"form-field-field_9fe3d15\" class=\"elementor-field-label\">\n\t\t\t\t\t\t\t\t<b>Vorname<\/b>\t\t\t\t\t\t\t<\/label>\n\t\t\t\t\t\t\t\t\t\t\t\t\t\t<input size=\"1\" type=\"text\" name=\"form_fields[field_9fe3d15]\" id=\"form-field-field_9fe3d15\" class=\"elementor-field elementor-size-sm  elementor-field-textual\" required=\"required\">\n\t\t\t\t\t\t\t\t\t\t\t<\/div>\n\t\t\t\t\t\t\t\t<div class=\"elementor-field-type-text elementor-field-group elementor-column elementor-field-group-field_54f23ce elementor-col-50 elementor-field-required elementor-mark-required\">\n\t\t\t\t\t\t\t\t\t\t\t\t<label for=\"form-field-field_54f23ce\" class=\"elementor-field-label\">\n\t\t\t\t\t\t\t\t<b>Nachname<\/b>\t\t\t\t\t\t\t<\/label>\n\t\t\t\t\t\t\t\t\t\t\t\t\t\t<input size=\"1\" type=\"text\" name=\"form_fields[field_54f23ce]\" id=\"form-field-field_54f23ce\" class=\"elementor-field elementor-size-sm  elementor-field-textual\" required=\"required\">\n\t\t\t\t\t\t\t\t\t\t\t<\/div>\n\t\t\t\t\t\t\t\t<div class=\"elementor-field-type-text\">\n\t\t\t\t\t<input size=\"1\" type=\"text\" name=\"form_fields[field_e0bf5b9]\" id=\"form-field-field_e0bf5b9\" class=\"elementor-field elementor-size-sm \" style=\"display:none !important;\">\t\t\t\t<\/div>\n\t\t\t\t\t\t\t\t<div class=\"elementor-field-type-email elementor-field-group elementor-column elementor-field-group-email elementor-col-50 elementor-field-required elementor-mark-required\">\n\t\t\t\t\t\t\t\t\t\t\t\t<label for=\"form-field-email\" class=\"elementor-field-label\">\n\t\t\t\t\t\t\t\t<b>E-Mail<\/b>\t\t\t\t\t\t\t<\/label>\n\t\t\t\t\t\t\t\t\t\t\t\t\t\t<input size=\"1\" type=\"email\" name=\"form_fields[email]\" id=\"form-field-email\" class=\"elementor-field elementor-size-sm  elementor-field-textual\" required=\"required\">\n\t\t\t\t\t\t\t\t\t\t\t<\/div>\n\t\t\t\t\t\t\t\t<div class=\"elementor-field-type-tel elementor-field-group elementor-column elementor-field-group-field_254fccf elementor-col-50 elementor-field-required elementor-mark-required\">\n\t\t\t\t\t\t\t\t\t\t\t\t<label for=\"form-field-field_254fccf\" class=\"elementor-field-label\">\n\t\t\t\t\t\t\t\t<b>Telefon<\/b>\t\t\t\t\t\t\t<\/label>\n\t\t\t\t\t\t\t\t<input size=\"1\" type=\"tel\" name=\"form_fields[field_254fccf]\" id=\"form-field-field_254fccf\" class=\"elementor-field elementor-size-sm  elementor-field-textual\" required=\"required\" pattern=\"[0-9()#&amp;+*-=.]+\" title=\"Nur Nummern oder Telefon-Zeichen (#, -, *, etc) werden akzeptiert.\">\n\n\t\t\t\t\t\t<\/div>\n\t\t\t\t\t\t\t\t<div class=\"elementor-field-type-text\">\n\t\t\t\t\t<input size=\"1\" type=\"text\" name=\"form_fields[field_0de4b58]\" id=\"form-field-field_0de4b58\" class=\"elementor-field elementor-size-sm \" style=\"display:none !important;\">\t\t\t\t<\/div>\n\t\t\t\t\t\t\t\t<div class=\"elementor-field-type-textarea elementor-field-group elementor-column elementor-field-group-message elementor-col-100 elementor-field-required elementor-mark-required\">\n\t\t\t\t\t\t\t\t\t\t\t\t<label for=\"form-field-message\" class=\"elementor-field-label\">\n\t\t\t\t\t\t\t\t<b>Schreibe etwas \u00fcber dich<\/b>\t\t\t\t\t\t\t<\/label>\n\t\t\t\t\t\t<textarea class=\"elementor-field-textual elementor-field  elementor-size-sm\" name=\"form_fields[message]\" id=\"form-field-message\" rows=\"6\" required=\"required\"><\/textarea>\t\t\t\t<\/div>\n\t\t\t\t\t\t\t\t<div class=\"elementor-field-type-select elementor-field-group elementor-column elementor-field-group-field_0c12c95 elementor-col-100 elementor-field-required elementor-mark-required\">\n\t\t\t\t\t\t\t<div class=\"elementor-field elementor-select-wrapper remove-before \">\n\t\t\t<div class=\"select-caret-down-wrapper\">\n\t\t\t\t<i aria-hidden=\"true\" class=\"eicon-caret-down\"><\/i>\t\t\t<\/div>\n\t\t\t<select name=\"form_fields[field_0c12c95]\" id=\"form-field-field_0c12c95\" class=\"elementor-field-textual elementor-size-sm\" required=\"required\">\n\t\t\t\t\t\t\t\t\t<option value=\"Ich bin Friseur\/-in\">Ich bin Friseur\/-in<\/option>\n\t\t\t\t\t\t\t\t\t<option value=\"Ich bin Meister\/-in\">Ich bin Meister\/-in<\/option>\n\t\t\t\t\t\t\t\t\t<option value=\"Ich bin Quereinsteiger\">Ich bin Quereinsteiger<\/option>\n\t\t\t\t\t\t\t\t\t<option value=\"Ich suche eine Ausbildung\">Ich suche eine Ausbildung<\/option>\n\t\t\t\t\t\t\t<\/select>\n\t\t<\/div>\n\t\t\t\t\t\t<\/div>\n\t\t\t\t\t\t\t\t<div class=\"elementor-field-type-acceptance elementor-field-group elementor-column elementor-field-group-field_c355f0b elementor-col-100 elementor-field-required elementor-mark-required\">\n\t\t\t\t\t\t\t\t\t\t\t\t<label for=\"form-field-field_c355f0b\" class=\"elementor-field-label\">\n\t\t\t\t\t\t\t\t<b>Datenschutz<\/b>\t\t\t\t\t\t\t<\/label>\n\t\t\t\t\t\t\t\t<div class=\"elementor-field-subgroup\">\n\t\t\t<span class=\"elementor-field-option\">\n\t\t\t\t<input type=\"checkbox\" name=\"form_fields[field_c355f0b]\" id=\"form-field-field_c355f0b\" class=\"elementor-field elementor-size-sm  elementor-acceptance-field\" required=\"required\">\n\t\t\t\t<label for=\"form-field-field_c355f0b\"><b>Ich stimme zu, dass meine Angaben aus dem Kontaktformular zur Beantwortung meiner Anfrage erhoben und verarbeitet werden. Die Daten werden nach abgeschlossener Bearbeitung Ihrer Anfrage gel\u00f6scht. Hinweis: Sie k\u00f6nnen Ihre Einwilligung jederzeit f\u00fcr die Zukunft per E-Mail an info@jessica-scheler.de widerrufen. Detaillierte Informationen zum Umgang mit Nutzerdaten finden Sie in unserer Datenschutzerkl\u00e4rung.<\/b><\/label>\t\t\t<\/span>\n\t\t<\/div>\n\t\t\t\t\t\t<\/div>\n\t\t\t\t\t\t\t\t<div class=\"elementor-field-group elementor-column elementor-field-type-submit elementor-col-100 e-form__buttons\">\n\t\t\t\t\t<button class=\"elementor-button elementor-size-sm\" type=\"submit\">\n\t\t\t\t\t\t<span class=\"elementor-button-content-wrapper\">\n\t\t\t\t\t\t\t\t\t\t\t\t\t\t\t\t\t\t\t\t\t\t<span class=\"elementor-button-text\">Senden<\/span>\n\t\t\t\t\t\t\t\t\t\t\t\t\t<\/span>\n\t\t\t\t\t<\/button>\n\t\t\t\t<\/div>\n\t\t\t<\/div>\n\t\t<\/form>\n\t\t\t\t\t\t<\/div>\n\t\t\t\t<\/div>\n\t\t\t\t\t<\/div>\n\t\t<\/div>\n\t\t\t\t\t<\/div>\n\t\t<\/section>\n\t\t\t\t<\/div>\n\t\t","protected":false},"excerpt":{"rendered":"<p>Wir suchen Dich Werde Teil unseres Teams Du suchst eine neue Herausforderung und bist Friseur\/-in aus Leidenschaft?Dann bewirb&#8216; Dich jetzt und wir freuen uns jetzt schon Dich pers\u00f6nlich kennen zu lernen.<\/p>\n","protected":false},"author":1,"featured_media":0,"parent":0,"menu_order":0,"comment_status":"closed","ping_status":"closed","template":"elementor_header_footer","meta":{"footnotes":""},"class_list":["post-40","page","type-page","status-publish","hentry"],"yoast_head":"<!-- This site is optimized with the Yoast SEO plugin v27.3 - https:\/\/yoast.com\/product\/yoast-seo-wordpress\/ -->\n<title>Jobs - Jessica Scheler - hair professionals - Essen<\/title>\n<meta name=\"robots\" content=\"index, follow, max-snippet:-1, max-image-preview:large, max-video-preview:-1\" \/>\n<link rel=\"canonical\" href=\"https:\/\/jessica-scheler.de\/essen\/jobs\/\" \/>\n<meta property=\"og:locale\" content=\"de_DE\" \/>\n<meta property=\"og:type\" content=\"article\" \/>\n<meta property=\"og:title\" content=\"Jobs - Jessica Scheler - hair professionals - Essen\" \/>\n<meta property=\"og:description\" content=\"Wir suchen Dich Werde Teil unseres Teams Du suchst eine neue Herausforderung und bist Friseur\/-in aus Leidenschaft?Dann bewirb&#8216; Dich jetzt und wir freuen uns jetzt schon Dich pers\u00f6nlich kennen zu lernen.\" \/>\n<meta property=\"og:url\" content=\"https:\/\/jessica-scheler.de\/essen\/jobs\/\" \/>\n<meta property=\"og:site_name\" content=\"Jessica Scheler - hair professionals - Essen\" \/>\n<meta property=\"article:modified_time\" content=\"2024-07-24T09:56:08+00:00\" \/>\n<meta name=\"twitter:card\" content=\"summary_large_image\" \/>\n<meta name=\"twitter:label1\" content=\"Gesch\u00e4tzte Lesezeit\" \/>\n\t<meta name=\"twitter:data1\" content=\"1\u00a0Minute\" \/>\n<script type=\"application\/ld+json\" class=\"yoast-schema-graph\">{\"@context\":\"https:\\\/\\\/schema.org\",\"@graph\":[{\"@type\":\"WebPage\",\"@id\":\"https:\\\/\\\/jessica-scheler.de\\\/essen\\\/jobs\\\/\",\"url\":\"https:\\\/\\\/jessica-scheler.de\\\/essen\\\/jobs\\\/\",\"name\":\"Jobs - Jessica Scheler - hair professionals - Essen\",\"isPartOf\":{\"@id\":\"https:\\\/\\\/jessica-scheler.de\\\/essen\\\/#website\"},\"datePublished\":\"2023-01-12T13:36:39+00:00\",\"dateModified\":\"2024-07-24T09:56:08+00:00\",\"breadcrumb\":{\"@id\":\"https:\\\/\\\/jessica-scheler.de\\\/essen\\\/jobs\\\/#breadcrumb\"},\"inLanguage\":\"de\",\"potentialAction\":[{\"@type\":\"ReadAction\",\"target\":[\"https:\\\/\\\/jessica-scheler.de\\\/essen\\\/jobs\\\/\"]}]},{\"@type\":\"BreadcrumbList\",\"@id\":\"https:\\\/\\\/jessica-scheler.de\\\/essen\\\/jobs\\\/#breadcrumb\",\"itemListElement\":[{\"@type\":\"ListItem\",\"position\":1,\"name\":\"Startseite\",\"item\":\"https:\\\/\\\/jessica-scheler.de\\\/essen\\\/\"},{\"@type\":\"ListItem\",\"position\":2,\"name\":\"Jobs\"}]},{\"@type\":\"WebSite\",\"@id\":\"https:\\\/\\\/jessica-scheler.de\\\/essen\\\/#website\",\"url\":\"https:\\\/\\\/jessica-scheler.de\\\/essen\\\/\",\"name\":\"Jessica Scheler - hair professionals - Essen\",\"description\":\"Ihr Friseur in Essen\",\"publisher\":{\"@id\":\"https:\\\/\\\/jessica-scheler.de\\\/essen\\\/#organization\"},\"potentialAction\":[{\"@type\":\"SearchAction\",\"target\":{\"@type\":\"EntryPoint\",\"urlTemplate\":\"https:\\\/\\\/jessica-scheler.de\\\/essen\\\/?s={search_term_string}\"},\"query-input\":{\"@type\":\"PropertyValueSpecification\",\"valueRequired\":true,\"valueName\":\"search_term_string\"}}],\"inLanguage\":\"de\"},{\"@type\":\"Organization\",\"@id\":\"https:\\\/\\\/jessica-scheler.de\\\/essen\\\/#organization\",\"name\":\"Jessica Scheler - hair professionals - Essen\",\"url\":\"https:\\\/\\\/jessica-scheler.de\\\/essen\\\/\",\"logo\":{\"@type\":\"ImageObject\",\"inLanguage\":\"de\",\"@id\":\"https:\\\/\\\/jessica-scheler.de\\\/essen\\\/#\\\/schema\\\/logo\\\/image\\\/\",\"url\":\"https:\\\/\\\/jessica-scheler.de\\\/essen\\\/wp-content\\\/uploads\\\/sites\\\/3\\\/2023\\\/01\\\/Jessica_Scheler_Logo.png\",\"contentUrl\":\"https:\\\/\\\/jessica-scheler.de\\\/essen\\\/wp-content\\\/uploads\\\/sites\\\/3\\\/2023\\\/01\\\/Jessica_Scheler_Logo.png\",\"width\":1000,\"height\":190,\"caption\":\"Jessica Scheler - hair professionals - Essen\"},\"image\":{\"@id\":\"https:\\\/\\\/jessica-scheler.de\\\/essen\\\/#\\\/schema\\\/logo\\\/image\\\/\"}}]}<\/script>\n<!-- \/ Yoast SEO plugin. -->","yoast_head_json":{"title":"Jobs - Jessica Scheler - hair professionals - Essen","robots":{"index":"index","follow":"follow","max-snippet":"max-snippet:-1","max-image-preview":"max-image-preview:large","max-video-preview":"max-video-preview:-1"},"canonical":"https:\/\/jessica-scheler.de\/essen\/jobs\/","og_locale":"de_DE","og_type":"article","og_title":"Jobs - Jessica Scheler - hair professionals - Essen","og_description":"Wir suchen Dich Werde Teil unseres Teams Du suchst eine neue Herausforderung und bist Friseur\/-in aus Leidenschaft?Dann bewirb&#8216; Dich jetzt und wir freuen uns jetzt schon Dich pers\u00f6nlich kennen zu lernen.","og_url":"https:\/\/jessica-scheler.de\/essen\/jobs\/","og_site_name":"Jessica Scheler - hair professionals - Essen","article_modified_time":"2024-07-24T09:56:08+00:00","twitter_card":"summary_large_image","twitter_misc":{"Gesch\u00e4tzte Lesezeit":"1\u00a0Minute"},"schema":{"@context":"https:\/\/schema.org","@graph":[{"@type":"WebPage","@id":"https:\/\/jessica-scheler.de\/essen\/jobs\/","url":"https:\/\/jessica-scheler.de\/essen\/jobs\/","name":"Jobs - Jessica Scheler - hair professionals - Essen","isPartOf":{"@id":"https:\/\/jessica-scheler.de\/essen\/#website"},"datePublished":"2023-01-12T13:36:39+00:00","dateModified":"2024-07-24T09:56:08+00:00","breadcrumb":{"@id":"https:\/\/jessica-scheler.de\/essen\/jobs\/#breadcrumb"},"inLanguage":"de","potentialAction":[{"@type":"ReadAction","target":["https:\/\/jessica-scheler.de\/essen\/jobs\/"]}]},{"@type":"BreadcrumbList","@id":"https:\/\/jessica-scheler.de\/essen\/jobs\/#breadcrumb","itemListElement":[{"@type":"ListItem","position":1,"name":"Startseite","item":"https:\/\/jessica-scheler.de\/essen\/"},{"@type":"ListItem","position":2,"name":"Jobs"}]},{"@type":"WebSite","@id":"https:\/\/jessica-scheler.de\/essen\/#website","url":"https:\/\/jessica-scheler.de\/essen\/","name":"Jessica Scheler - hair professionals - Essen","description":"Ihr Friseur in Essen","publisher":{"@id":"https:\/\/jessica-scheler.de\/essen\/#organization"},"potentialAction":[{"@type":"SearchAction","target":{"@type":"EntryPoint","urlTemplate":"https:\/\/jessica-scheler.de\/essen\/?s={search_term_string}"},"query-input":{"@type":"PropertyValueSpecification","valueRequired":true,"valueName":"search_term_string"}}],"inLanguage":"de"},{"@type":"Organization","@id":"https:\/\/jessica-scheler.de\/essen\/#organization","name":"Jessica Scheler - hair professionals - Essen","url":"https:\/\/jessica-scheler.de\/essen\/","logo":{"@type":"ImageObject","inLanguage":"de","@id":"https:\/\/jessica-scheler.de\/essen\/#\/schema\/logo\/image\/","url":"https:\/\/jessica-scheler.de\/essen\/wp-content\/uploads\/sites\/3\/2023\/01\/Jessica_Scheler_Logo.png","contentUrl":"https:\/\/jessica-scheler.de\/essen\/wp-content\/uploads\/sites\/3\/2023\/01\/Jessica_Scheler_Logo.png","width":1000,"height":190,"caption":"Jessica Scheler - hair professionals - Essen"},"image":{"@id":"https:\/\/jessica-scheler.de\/essen\/#\/schema\/logo\/image\/"}}]}},"_links":{"self":[{"href":"https:\/\/jessica-scheler.de\/essen\/wp-json\/wp\/v2\/pages\/40","targetHints":{"allow":["GET"]}}],"collection":[{"href":"https:\/\/jessica-scheler.de\/essen\/wp-json\/wp\/v2\/pages"}],"about":[{"href":"https:\/\/jessica-scheler.de\/essen\/wp-json\/wp\/v2\/types\/page"}],"author":[{"embeddable":true,"href":"https:\/\/jessica-scheler.de\/essen\/wp-json\/wp\/v2\/users\/1"}],"replies":[{"embeddable":true,"href":"https:\/\/jessica-scheler.de\/essen\/wp-json\/wp\/v2\/comments?post=40"}],"version-history":[{"count":130,"href":"https:\/\/jessica-scheler.de\/essen\/wp-json\/wp\/v2\/pages\/40\/revisions"}],"predecessor-version":[{"id":1744,"href":"https:\/\/jessica-scheler.de\/essen\/wp-json\/wp\/v2\/pages\/40\/revisions\/1744"}],"wp:attachment":[{"href":"https:\/\/jessica-scheler.de\/essen\/wp-json\/wp\/v2\/media?parent=40"}],"curies":[{"name":"wp","href":"https:\/\/api.w.org\/{rel}","templated":true}]}}