{"id":44,"date":"2023-01-12T14:37:53","date_gmt":"2023-01-12T13:37:53","guid":{"rendered":"https:\/\/update.jessica-scheler.de\/essen\/?page_id=44"},"modified":"2024-07-24T11:56:57","modified_gmt":"2024-07-24T09:56:57","slug":"neukunden_essen","status":"publish","type":"page","link":"https:\/\/jessica-scheler.de\/essen\/neukunden_essen\/","title":{"rendered":"Neukunden"},"content":{"rendered":"\t\t<div data-elementor-type=\"wp-page\" data-elementor-id=\"44\" class=\"elementor elementor-44\" data-elementor-post-type=\"page\">\n\t\t\t\t\t\t<section class=\"elementor-section elementor-top-section elementor-element elementor-element-1ad1543e elementor-section-full_width elementor-section-height-default elementor-section-height-default\" data-id=\"1ad1543e\" data-element_type=\"section\" data-e-type=\"section\">\n\t\t\t\t\t\t<div class=\"elementor-container elementor-column-gap-no\">\n\t\t\t\t\t<div class=\"elementor-column elementor-col-100 elementor-top-column elementor-element elementor-element-42a3c34d\" data-id=\"42a3c34d\" data-element_type=\"column\" data-e-type=\"column\">\n\t\t\t<div class=\"elementor-widget-wrap elementor-element-populated\">\n\t\t\t\t\t\t<div class=\"elementor-element elementor-element-1717ec6d elementor--h-position-center elementor--v-position-middle elementor-arrows-position-inside elementor-widget elementor-widget-slides\" data-id=\"1717ec6d\" data-element_type=\"widget\" data-e-type=\"widget\" data-settings=\"{&quot;transition&quot;:&quot;fade&quot;,&quot;navigation&quot;:&quot;arrows&quot;,&quot;autoplay&quot;:&quot;yes&quot;,&quot;pause_on_hover&quot;:&quot;yes&quot;,&quot;pause_on_interaction&quot;:&quot;yes&quot;,&quot;autoplay_speed&quot;:5000,&quot;infinite&quot;:&quot;yes&quot;,&quot;transition_speed&quot;:500}\" data-widget_type=\"slides.default\">\n\t\t\t\t<div class=\"elementor-widget-container\">\n\t\t\t\t\t\t\t\t\t<div class=\"elementor-swiper\">\n\t\t\t\t\t<div class=\"elementor-slides-wrapper elementor-main-swiper swiper\" role=\"region\" aria-roledescription=\"carousel\" aria-label=\"Slider\" dir=\"ltr\" data-animation=\"fadeInUp\">\n\t\t\t\t<div class=\"swiper-wrapper elementor-slides\">\n\t\t\t\t\t\t\t\t\t\t<div class=\"elementor-repeater-item-db12b53 swiper-slide\" role=\"group\" aria-roledescription=\"slide\"><div class=\"swiper-slide-bg elementor-ken-burns elementor-ken-burns--out\" role=\"img\" aria-label=\"Beauty\"><\/div><div class=\"swiper-slide-inner\" ><div class=\"swiper-slide-contents\"><div class=\"elementor-slide-heading\">Neukunden<\/div><\/div><\/div><\/div>\t\t\t\t<\/div>\n\t\t\t\t\t\t\t<\/div>\n\t\t\t\t<\/div>\n\t\t\t\t\t\t\t\t<\/div>\n\t\t\t\t<\/div>\n\t\t\t\t\t<\/div>\n\t\t<\/div>\n\t\t\t\t\t<\/div>\n\t\t<\/section>\n\t\t\t\t<section class=\"elementor-section elementor-top-section elementor-element elementor-element-7dd115d1 elementor-section-boxed elementor-section-height-default elementor-section-height-default\" data-id=\"7dd115d1\" data-element_type=\"section\" data-e-type=\"section\">\n\t\t\t\t\t\t<div class=\"elementor-container elementor-column-gap-no\">\n\t\t\t\t\t<div class=\"elementor-column elementor-col-100 elementor-top-column elementor-element elementor-element-1e61317a\" data-id=\"1e61317a\" data-element_type=\"column\" data-e-type=\"column\">\n\t\t\t<div class=\"elementor-widget-wrap elementor-element-populated\">\n\t\t\t\t\t\t<div class=\"elementor-element elementor-element-5be8779d elementor-widget elementor-widget-heading\" data-id=\"5be8779d\" data-element_type=\"widget\" data-e-type=\"widget\" data-widget_type=\"heading.default\">\n\t\t\t\t<div class=\"elementor-widget-container\">\n\t\t\t\t\t<h2 class=\"elementor-heading-title elementor-size-default\">10\u20ac WILLKOMMENSRABATT<\/h2>\t\t\t\t<\/div>\n\t\t\t\t<\/div>\n\t\t\t\t<div class=\"elementor-element elementor-element-31e294b1 elementor-widget-divider--view-line elementor-widget elementor-widget-divider\" data-id=\"31e294b1\" data-element_type=\"widget\" data-e-type=\"widget\" data-widget_type=\"divider.default\">\n\t\t\t\t<div class=\"elementor-widget-container\">\n\t\t\t\t\t\t\t<div class=\"elementor-divider\">\n\t\t\t<span class=\"elementor-divider-separator\">\n\t\t\t\t\t\t<\/span>\n\t\t<\/div>\n\t\t\t\t\t\t<\/div>\n\t\t\t\t<\/div>\n\t\t\t\t<div class=\"elementor-element elementor-element-5197eba7 elementor-widget elementor-widget-text-editor\" data-id=\"5197eba7\" data-element_type=\"widget\" data-e-type=\"widget\" data-widget_type=\"text-editor.default\">\n\t\t\t\t<div class=\"elementor-widget-container\">\n\t\t\t\t\t\t\t\t\t<p>Sie sind auf der Suche nach dem Friseur Ihres Vertrauens oder m\u00f6chtest einfach einmal einen neuen Look ausprobieren und suchen einen kompetenten Salon?<\/p><p>Dann sind Sie in unserer neuen Filiale in Essen gold richtig.<\/p><p>Als Neukunde bekommen Sie dort einen <b style=\"color: #c7a792;\"> Willkommensrabatt von 10 \u20ac<\/b>, ab einer Dienstleistung von 40 \u20ac.<\/p>\t\t\t\t\t\t\t\t<\/div>\n\t\t\t\t<\/div>\n\t\t\t\t\t<\/div>\n\t\t<\/div>\n\t\t\t\t\t<\/div>\n\t\t<\/section>\n\t\t\t\t<section class=\"elementor-section elementor-top-section elementor-element elementor-element-b062ea5 elementor-section-boxed elementor-section-height-default elementor-section-height-default\" data-id=\"b062ea5\" data-element_type=\"section\" data-e-type=\"section\" data-settings=\"{&quot;background_background&quot;:&quot;classic&quot;}\">\n\t\t\t\t\t\t<div class=\"elementor-container elementor-column-gap-no\">\n\t\t\t\t\t<div class=\"elementor-column elementor-col-100 elementor-top-column elementor-element elementor-element-6f31598\" data-id=\"6f31598\" data-element_type=\"column\" data-e-type=\"column\">\n\t\t\t<div class=\"elementor-widget-wrap elementor-element-populated\">\n\t\t\t\t\t\t<div class=\"elementor-element elementor-element-1348d98 elementor-widget elementor-widget-image\" data-id=\"1348d98\" data-element_type=\"widget\" data-e-type=\"widget\" data-widget_type=\"image.default\">\n\t\t\t\t<div class=\"elementor-widget-container\">\n\t\t\t\t\t\t\t\t\t\t\t\t\t\t\t<img fetchpriority=\"high\" decoding=\"async\" width=\"1024\" height=\"512\" src=\"https:\/\/jessica-scheler.de\/essen\/wp-content\/uploads\/sites\/3\/2023\/01\/10_willkommensrabatt-1024x512-1.png\" class=\"attachment-full size-full wp-image-733\" alt=\"Willkommensrabatt\" srcset=\"https:\/\/jessica-scheler.de\/essen\/wp-content\/uploads\/sites\/3\/2023\/01\/10_willkommensrabatt-1024x512-1.png 1024w, https:\/\/jessica-scheler.de\/essen\/wp-content\/uploads\/sites\/3\/2023\/01\/10_willkommensrabatt-1024x512-1-300x150.png 300w, https:\/\/jessica-scheler.de\/essen\/wp-content\/uploads\/sites\/3\/2023\/01\/10_willkommensrabatt-1024x512-1-768x384.png 768w\" sizes=\"(max-width: 1024px) 100vw, 1024px\" \/>\t\t\t\t\t\t\t\t\t\t\t\t\t\t\t<\/div>\n\t\t\t\t<\/div>\n\t\t\t\t\t<\/div>\n\t\t<\/div>\n\t\t\t\t\t<\/div>\n\t\t<\/section>\n\t\t\t\t<section class=\"elementor-section elementor-top-section elementor-element elementor-element-5cf19a3 elementor-section-boxed elementor-section-height-default elementor-section-height-default\" data-id=\"5cf19a3\" data-element_type=\"section\" data-e-type=\"section\">\n\t\t\t\t\t\t<div class=\"elementor-container elementor-column-gap-no\">\n\t\t\t\t\t<div class=\"elementor-column elementor-col-100 elementor-top-column elementor-element elementor-element-4caa271\" data-id=\"4caa271\" data-element_type=\"column\" data-e-type=\"column\">\n\t\t\t<div class=\"elementor-widget-wrap elementor-element-populated\">\n\t\t\t\t\t\t<div class=\"elementor-element elementor-element-7efee6d elementor-button-align-center elementor-widget elementor-widget-form\" data-id=\"7efee6d\" data-element_type=\"widget\" data-e-type=\"widget\" data-settings=\"{&quot;step_next_label&quot;:&quot;N\\u00e4chster&quot;,&quot;step_previous_label&quot;:&quot;Voriger&quot;,&quot;button_width&quot;:&quot;100&quot;,&quot;step_type&quot;:&quot;number_text&quot;,&quot;step_icon_shape&quot;:&quot;circle&quot;}\" data-widget_type=\"form.default\">\n\t\t\t\t<div class=\"elementor-widget-container\">\n\t\t\t\t\t\t\t<form class=\"elementor-form\" method=\"post\" id=\"gutschein_essen\" name=\"Gutschein-Formular Essen\" aria-label=\"Gutschein-Formular Essen\">\n\t\t\t<input type=\"hidden\" name=\"post_id\" value=\"44\"\/>\n\t\t\t<input type=\"hidden\" name=\"form_id\" value=\"7efee6d\"\/>\n\t\t\t<input type=\"hidden\" name=\"referer_title\" value=\"Neukunden - Jessica Scheler - hair professionals - Essen\" \/>\n\n\t\t\t\t\t\t\t<input type=\"hidden\" name=\"queried_id\" value=\"44\"\/>\n\t\t\t\n\t\t\t<div class=\"elementor-form-fields-wrapper elementor-labels-above\">\n\t\t\t\t\t\t\t\t<div class=\"elementor-field-type-text elementor-field-group elementor-column elementor-field-group-name2855 elementor-col-50 elementor-field-required elementor-mark-required\">\n\t\t\t\t\t\t\t\t\t\t\t\t<label for=\"form-field-name2855\" class=\"elementor-field-label\">\n\t\t\t\t\t\t\t\t<b>Vorname<\/b>\t\t\t\t\t\t\t<\/label>\n\t\t\t\t\t\t\t\t\t\t\t\t\t\t<input size=\"1\" type=\"text\" name=\"form_fields[name2855]\" id=\"form-field-name2855\" class=\"elementor-field elementor-size-sm  elementor-field-textual\" required=\"required\">\n\t\t\t\t\t\t\t\t\t\t\t<\/div>\n\t\t\t\t\t\t\t\t<div class=\"elementor-field-type-text elementor-field-group elementor-column elementor-field-group-field_2589228 elementor-col-50 elementor-field-required elementor-mark-required\">\n\t\t\t\t\t\t\t\t\t\t\t\t<label for=\"form-field-field_2589228\" class=\"elementor-field-label\">\n\t\t\t\t\t\t\t\t<b>Nachname<\/b>\t\t\t\t\t\t\t<\/label>\n\t\t\t\t\t\t\t\t\t\t\t\t\t\t<input size=\"1\" type=\"text\" name=\"form_fields[field_2589228]\" id=\"form-field-field_2589228\" class=\"elementor-field elementor-size-sm  elementor-field-textual\" required=\"required\">\n\t\t\t\t\t\t\t\t\t\t\t<\/div>\n\t\t\t\t\t\t\t\t<div class=\"elementor-field-type-text\">\n\t\t\t\t\t<input size=\"1\" type=\"text\" name=\"form_fields[field_e252586]\" id=\"form-field-field_e252586\" class=\"elementor-field elementor-size-sm \" style=\"display:none !important;\">\t\t\t\t<\/div>\n\t\t\t\t\t\t\t\t<div class=\"elementor-field-type-email elementor-field-group elementor-column elementor-field-group-email2622889 elementor-col-50 elementor-field-required elementor-mark-required\">\n\t\t\t\t\t\t\t\t\t\t\t\t<label for=\"form-field-email2622889\" class=\"elementor-field-label\">\n\t\t\t\t\t\t\t\t<b>E-Mail<\/b>\t\t\t\t\t\t\t<\/label>\n\t\t\t\t\t\t\t\t\t\t\t\t\t\t<input size=\"1\" type=\"email\" name=\"form_fields[email2622889]\" id=\"form-field-email2622889\" class=\"elementor-field elementor-size-sm  elementor-field-textual\" required=\"required\">\n\t\t\t\t\t\t\t\t\t\t\t<\/div>\n\t\t\t\t\t\t\t\t<div class=\"elementor-field-type-tel elementor-field-group elementor-column elementor-field-group-field_2422zthf87 elementor-col-50 elementor-field-required elementor-mark-required\">\n\t\t\t\t\t\t\t\t\t\t\t\t<label for=\"form-field-field_2422zthf87\" class=\"elementor-field-label\">\n\t\t\t\t\t\t\t\t<b>Telefon<\/b>\t\t\t\t\t\t\t<\/label>\n\t\t\t\t\t\t\t\t<input size=\"1\" type=\"tel\" name=\"form_fields[field_2422zthf87]\" id=\"form-field-field_2422zthf87\" class=\"elementor-field elementor-size-sm  elementor-field-textual\" required=\"required\" pattern=\"[0-9()#&amp;+*-=.]+\" title=\"Nur Nummern oder Telefon-Zeichen (#, -, *, etc) werden akzeptiert.\">\n\n\t\t\t\t\t\t<\/div>\n\t\t\t\t\t\t\t\t<div class=\"elementor-field-type-text\">\n\t\t\t\t\t<input size=\"1\" type=\"text\" name=\"form_fields[field_0dffssx5885]\" id=\"form-field-field_0dffssx5885\" class=\"elementor-field elementor-size-sm \" style=\"display:none !important;\">\t\t\t\t<\/div>\n\t\t\t\t\t\t\t\t<div class=\"elementor-field-type-select elementor-field-group elementor-column elementor-field-group-field_0cqwed85 elementor-col-100 elementor-field-required elementor-mark-required\">\n\t\t\t\t\t\t\t\t\t\t\t\t<label for=\"form-field-field_0cqwed85\" class=\"elementor-field-label\">\n\t\t\t\t\t\t\t\t<b>Wie sind Sie auf uns aufmerksam geworden?<\/b>\t\t\t\t\t\t\t<\/label>\n\t\t\t\t\t\t\t\t<div class=\"elementor-field elementor-select-wrapper remove-before \">\n\t\t\t<div class=\"select-caret-down-wrapper\">\n\t\t\t\t<i aria-hidden=\"true\" class=\"eicon-caret-down\"><\/i>\t\t\t<\/div>\n\t\t\t<select name=\"form_fields[field_0cqwed85]\" id=\"form-field-field_0cqwed85\" class=\"elementor-field-textual elementor-size-sm\" required=\"required\">\n\t\t\t\t\t\t\t\t\t<option value=\"Empfehlung\">Empfehlung<\/option>\n\t\t\t\t\t\t\t\t\t<option value=\"Google\">Google<\/option>\n\t\t\t\t\t\t\t\t\t<option value=\"Facebook\">Facebook<\/option>\n\t\t\t\t\t\t\t\t\t<option value=\"Instagram\">Instagram<\/option>\n\t\t\t\t\t\t\t\t\t<option value=\"Sonstige\">Sonstige<\/option>\n\t\t\t\t\t\t\t<\/select>\n\t\t<\/div>\n\t\t\t\t\t\t<\/div>\n\t\t\t\t\t\t\t\t<div class=\"elementor-field-type-acceptance elementor-field-group elementor-column elementor-field-group-field_c35151b5 elementor-col-100 elementor-field-required elementor-mark-required\">\n\t\t\t\t\t\t\t\t\t\t\t\t<label for=\"form-field-field_c35151b5\" class=\"elementor-field-label\">\n\t\t\t\t\t\t\t\t<b>Datenschutz<\/b>\t\t\t\t\t\t\t<\/label>\n\t\t\t\t\t\t\t\t<div class=\"elementor-field-subgroup\">\n\t\t\t<span class=\"elementor-field-option\">\n\t\t\t\t<input type=\"checkbox\" name=\"form_fields[field_c35151b5]\" id=\"form-field-field_c35151b5\" class=\"elementor-field elementor-size-sm  elementor-acceptance-field\" required=\"required\">\n\t\t\t\t<label for=\"form-field-field_c35151b5\"><b>Ich stimme zu, dass meine Angaben aus dem Kontaktformular zur Beantwortung meiner Anfrage erhoben und verarbeitet werden. Die Daten werden nach abgeschlossener Bearbeitung Ihrer Anfrage gel\u00f6scht. Hinweis: Sie k\u00f6nnen Ihre Einwilligung jederzeit f\u00fcr die Zukunft per E-Mail an info@jessica-scheler.de widerrufen. Detaillierte Informationen zum Umgang mit Nutzerdaten finden Sie in unserer Datenschutzerkl\u00e4rung. 10\u20ac Willkommensrabatt ausschlie\u00dflich f\u00fcr Neukunden. Einl\u00f6sbar beim 1. Besuch.<\/b><\/label>\t\t\t<\/span>\n\t\t<\/div>\n\t\t\t\t\t\t<\/div>\n\t\t\t\t\t\t\t\t<div class=\"elementor-field-group elementor-column elementor-field-type-submit elementor-col-100 e-form__buttons\">\n\t\t\t\t\t<button class=\"elementor-button elementor-size-sm\" type=\"submit\">\n\t\t\t\t\t\t<span class=\"elementor-button-content-wrapper\">\n\t\t\t\t\t\t\t\t\t\t\t\t\t\t\t\t\t\t\t\t\t\t<span class=\"elementor-button-text\">Gutschein anfordern<\/span>\n\t\t\t\t\t\t\t\t\t\t\t\t\t<\/span>\n\t\t\t\t\t<\/button>\n\t\t\t\t<\/div>\n\t\t\t<\/div>\n\t\t<\/form>\n\t\t\t\t\t\t<\/div>\n\t\t\t\t<\/div>\n\t\t\t\t\t<\/div>\n\t\t<\/div>\n\t\t\t\t\t<\/div>\n\t\t<\/section>\n\t\t\t\t<\/div>\n\t\t","protected":false},"excerpt":{"rendered":"<p>Neukunden 10\u20ac WILLKOMMENSRABATT Sie sind auf der Suche nach dem Friseur Ihres Vertrauens oder m\u00f6chtest einfach einmal einen neuen Look ausprobieren und suchen einen kompetenten Salon? Dann sind Sie in unserer neuen Filiale in Essen gold richtig. Als Neukunde bekommen Sie dort einen Willkommensrabatt von 10 \u20ac, ab einer Dienstleistung von 40 \u20ac.<\/p>\n","protected":false},"author":1,"featured_media":0,"parent":0,"menu_order":0,"comment_status":"closed","ping_status":"closed","template":"elementor_header_footer","meta":{"footnotes":""},"class_list":["post-44","page","type-page","status-publish","hentry"],"yoast_head":"<!-- This site is optimized with the Yoast SEO plugin v27.3 - https:\/\/yoast.com\/product\/yoast-seo-wordpress\/ -->\n<title>Neukunden - Jessica Scheler - hair professionals - Essen<\/title>\n<meta name=\"robots\" content=\"index, follow, max-snippet:-1, max-image-preview:large, max-video-preview:-1\" \/>\n<link rel=\"canonical\" href=\"https:\/\/jessica-scheler.de\/essen\/neukunden_essen\/\" \/>\n<meta property=\"og:locale\" content=\"de_DE\" \/>\n<meta property=\"og:type\" content=\"article\" \/>\n<meta property=\"og:title\" content=\"Neukunden - Jessica Scheler - hair professionals - Essen\" \/>\n<meta property=\"og:description\" content=\"Neukunden 10\u20ac WILLKOMMENSRABATT Sie sind auf der Suche nach dem Friseur Ihres Vertrauens oder m\u00f6chtest einfach einmal einen neuen Look ausprobieren und suchen einen kompetenten Salon? Dann sind Sie in unserer neuen Filiale in Essen gold richtig. Als Neukunde bekommen Sie dort einen Willkommensrabatt von 10 \u20ac, ab einer Dienstleistung von 40 \u20ac.\" \/>\n<meta property=\"og:url\" content=\"https:\/\/jessica-scheler.de\/essen\/neukunden_essen\/\" \/>\n<meta property=\"og:site_name\" content=\"Jessica Scheler - hair professionals - Essen\" \/>\n<meta property=\"article:modified_time\" content=\"2024-07-24T09:56:57+00:00\" \/>\n<meta property=\"og:image\" content=\"https:\/\/jessica-scheler.de\/essen\/wp-content\/uploads\/sites\/3\/2023\/01\/10_willkommensrabatt-1024x512-1.png\" \/>\n<meta name=\"twitter:card\" content=\"summary_large_image\" \/>\n<meta name=\"twitter:label1\" content=\"Gesch\u00e4tzte Lesezeit\" \/>\n\t<meta name=\"twitter:data1\" content=\"1\u00a0Minute\" \/>\n<script type=\"application\/ld+json\" class=\"yoast-schema-graph\">{\"@context\":\"https:\\\/\\\/schema.org\",\"@graph\":[{\"@type\":\"WebPage\",\"@id\":\"https:\\\/\\\/jessica-scheler.de\\\/essen\\\/neukunden_essen\\\/\",\"url\":\"https:\\\/\\\/jessica-scheler.de\\\/essen\\\/neukunden_essen\\\/\",\"name\":\"Neukunden - Jessica Scheler - hair professionals - Essen\",\"isPartOf\":{\"@id\":\"https:\\\/\\\/jessica-scheler.de\\\/essen\\\/#website\"},\"primaryImageOfPage\":{\"@id\":\"https:\\\/\\\/jessica-scheler.de\\\/essen\\\/neukunden_essen\\\/#primaryimage\"},\"image\":{\"@id\":\"https:\\\/\\\/jessica-scheler.de\\\/essen\\\/neukunden_essen\\\/#primaryimage\"},\"thumbnailUrl\":\"https:\\\/\\\/jessica-scheler.de\\\/essen\\\/wp-content\\\/uploads\\\/sites\\\/3\\\/2023\\\/01\\\/10_willkommensrabatt-1024x512-1.png\",\"datePublished\":\"2023-01-12T13:37:53+00:00\",\"dateModified\":\"2024-07-24T09:56:57+00:00\",\"breadcrumb\":{\"@id\":\"https:\\\/\\\/jessica-scheler.de\\\/essen\\\/neukunden_essen\\\/#breadcrumb\"},\"inLanguage\":\"de\",\"potentialAction\":[{\"@type\":\"ReadAction\",\"target\":[\"https:\\\/\\\/jessica-scheler.de\\\/essen\\\/neukunden_essen\\\/\"]}]},{\"@type\":\"ImageObject\",\"inLanguage\":\"de\",\"@id\":\"https:\\\/\\\/jessica-scheler.de\\\/essen\\\/neukunden_essen\\\/#primaryimage\",\"url\":\"https:\\\/\\\/jessica-scheler.de\\\/essen\\\/wp-content\\\/uploads\\\/sites\\\/3\\\/2023\\\/01\\\/10_willkommensrabatt-1024x512-1.png\",\"contentUrl\":\"https:\\\/\\\/jessica-scheler.de\\\/essen\\\/wp-content\\\/uploads\\\/sites\\\/3\\\/2023\\\/01\\\/10_willkommensrabatt-1024x512-1.png\",\"width\":1024,\"height\":512,\"caption\":\"Willkommensrabatt\"},{\"@type\":\"BreadcrumbList\",\"@id\":\"https:\\\/\\\/jessica-scheler.de\\\/essen\\\/neukunden_essen\\\/#breadcrumb\",\"itemListElement\":[{\"@type\":\"ListItem\",\"position\":1,\"name\":\"Startseite\",\"item\":\"https:\\\/\\\/jessica-scheler.de\\\/essen\\\/\"},{\"@type\":\"ListItem\",\"position\":2,\"name\":\"Neukunden\"}]},{\"@type\":\"WebSite\",\"@id\":\"https:\\\/\\\/jessica-scheler.de\\\/essen\\\/#website\",\"url\":\"https:\\\/\\\/jessica-scheler.de\\\/essen\\\/\",\"name\":\"Jessica Scheler - hair professionals - Essen\",\"description\":\"Ihr Friseur in Essen\",\"publisher\":{\"@id\":\"https:\\\/\\\/jessica-scheler.de\\\/essen\\\/#organization\"},\"potentialAction\":[{\"@type\":\"SearchAction\",\"target\":{\"@type\":\"EntryPoint\",\"urlTemplate\":\"https:\\\/\\\/jessica-scheler.de\\\/essen\\\/?s={search_term_string}\"},\"query-input\":{\"@type\":\"PropertyValueSpecification\",\"valueRequired\":true,\"valueName\":\"search_term_string\"}}],\"inLanguage\":\"de\"},{\"@type\":\"Organization\",\"@id\":\"https:\\\/\\\/jessica-scheler.de\\\/essen\\\/#organization\",\"name\":\"Jessica Scheler - hair professionals - Essen\",\"url\":\"https:\\\/\\\/jessica-scheler.de\\\/essen\\\/\",\"logo\":{\"@type\":\"ImageObject\",\"inLanguage\":\"de\",\"@id\":\"https:\\\/\\\/jessica-scheler.de\\\/essen\\\/#\\\/schema\\\/logo\\\/image\\\/\",\"url\":\"https:\\\/\\\/jessica-scheler.de\\\/essen\\\/wp-content\\\/uploads\\\/sites\\\/3\\\/2023\\\/01\\\/Jessica_Scheler_Logo.png\",\"contentUrl\":\"https:\\\/\\\/jessica-scheler.de\\\/essen\\\/wp-content\\\/uploads\\\/sites\\\/3\\\/2023\\\/01\\\/Jessica_Scheler_Logo.png\",\"width\":1000,\"height\":190,\"caption\":\"Jessica Scheler - hair professionals - Essen\"},\"image\":{\"@id\":\"https:\\\/\\\/jessica-scheler.de\\\/essen\\\/#\\\/schema\\\/logo\\\/image\\\/\"}}]}<\/script>\n<!-- \/ Yoast SEO plugin. -->","yoast_head_json":{"title":"Neukunden - Jessica Scheler - hair professionals - Essen","robots":{"index":"index","follow":"follow","max-snippet":"max-snippet:-1","max-image-preview":"max-image-preview:large","max-video-preview":"max-video-preview:-1"},"canonical":"https:\/\/jessica-scheler.de\/essen\/neukunden_essen\/","og_locale":"de_DE","og_type":"article","og_title":"Neukunden - Jessica Scheler - hair professionals - Essen","og_description":"Neukunden 10\u20ac WILLKOMMENSRABATT Sie sind auf der Suche nach dem Friseur Ihres Vertrauens oder m\u00f6chtest einfach einmal einen neuen Look ausprobieren und suchen einen kompetenten Salon? Dann sind Sie in unserer neuen Filiale in Essen gold richtig. Als Neukunde bekommen Sie dort einen Willkommensrabatt von 10 \u20ac, ab einer Dienstleistung von 40 \u20ac.","og_url":"https:\/\/jessica-scheler.de\/essen\/neukunden_essen\/","og_site_name":"Jessica Scheler - hair professionals - Essen","article_modified_time":"2024-07-24T09:56:57+00:00","og_image":[{"url":"https:\/\/jessica-scheler.de\/essen\/wp-content\/uploads\/sites\/3\/2023\/01\/10_willkommensrabatt-1024x512-1.png","type":"","width":"","height":""}],"twitter_card":"summary_large_image","twitter_misc":{"Gesch\u00e4tzte Lesezeit":"1\u00a0Minute"},"schema":{"@context":"https:\/\/schema.org","@graph":[{"@type":"WebPage","@id":"https:\/\/jessica-scheler.de\/essen\/neukunden_essen\/","url":"https:\/\/jessica-scheler.de\/essen\/neukunden_essen\/","name":"Neukunden - Jessica Scheler - hair professionals - Essen","isPartOf":{"@id":"https:\/\/jessica-scheler.de\/essen\/#website"},"primaryImageOfPage":{"@id":"https:\/\/jessica-scheler.de\/essen\/neukunden_essen\/#primaryimage"},"image":{"@id":"https:\/\/jessica-scheler.de\/essen\/neukunden_essen\/#primaryimage"},"thumbnailUrl":"https:\/\/jessica-scheler.de\/essen\/wp-content\/uploads\/sites\/3\/2023\/01\/10_willkommensrabatt-1024x512-1.png","datePublished":"2023-01-12T13:37:53+00:00","dateModified":"2024-07-24T09:56:57+00:00","breadcrumb":{"@id":"https:\/\/jessica-scheler.de\/essen\/neukunden_essen\/#breadcrumb"},"inLanguage":"de","potentialAction":[{"@type":"ReadAction","target":["https:\/\/jessica-scheler.de\/essen\/neukunden_essen\/"]}]},{"@type":"ImageObject","inLanguage":"de","@id":"https:\/\/jessica-scheler.de\/essen\/neukunden_essen\/#primaryimage","url":"https:\/\/jessica-scheler.de\/essen\/wp-content\/uploads\/sites\/3\/2023\/01\/10_willkommensrabatt-1024x512-1.png","contentUrl":"https:\/\/jessica-scheler.de\/essen\/wp-content\/uploads\/sites\/3\/2023\/01\/10_willkommensrabatt-1024x512-1.png","width":1024,"height":512,"caption":"Willkommensrabatt"},{"@type":"BreadcrumbList","@id":"https:\/\/jessica-scheler.de\/essen\/neukunden_essen\/#breadcrumb","itemListElement":[{"@type":"ListItem","position":1,"name":"Startseite","item":"https:\/\/jessica-scheler.de\/essen\/"},{"@type":"ListItem","position":2,"name":"Neukunden"}]},{"@type":"WebSite","@id":"https:\/\/jessica-scheler.de\/essen\/#website","url":"https:\/\/jessica-scheler.de\/essen\/","name":"Jessica Scheler - hair professionals - Essen","description":"Ihr Friseur in Essen","publisher":{"@id":"https:\/\/jessica-scheler.de\/essen\/#organization"},"potentialAction":[{"@type":"SearchAction","target":{"@type":"EntryPoint","urlTemplate":"https:\/\/jessica-scheler.de\/essen\/?s={search_term_string}"},"query-input":{"@type":"PropertyValueSpecification","valueRequired":true,"valueName":"search_term_string"}}],"inLanguage":"de"},{"@type":"Organization","@id":"https:\/\/jessica-scheler.de\/essen\/#organization","name":"Jessica Scheler - hair professionals - Essen","url":"https:\/\/jessica-scheler.de\/essen\/","logo":{"@type":"ImageObject","inLanguage":"de","@id":"https:\/\/jessica-scheler.de\/essen\/#\/schema\/logo\/image\/","url":"https:\/\/jessica-scheler.de\/essen\/wp-content\/uploads\/sites\/3\/2023\/01\/Jessica_Scheler_Logo.png","contentUrl":"https:\/\/jessica-scheler.de\/essen\/wp-content\/uploads\/sites\/3\/2023\/01\/Jessica_Scheler_Logo.png","width":1000,"height":190,"caption":"Jessica Scheler - hair professionals - Essen"},"image":{"@id":"https:\/\/jessica-scheler.de\/essen\/#\/schema\/logo\/image\/"}}]}},"_links":{"self":[{"href":"https:\/\/jessica-scheler.de\/essen\/wp-json\/wp\/v2\/pages\/44","targetHints":{"allow":["GET"]}}],"collection":[{"href":"https:\/\/jessica-scheler.de\/essen\/wp-json\/wp\/v2\/pages"}],"about":[{"href":"https:\/\/jessica-scheler.de\/essen\/wp-json\/wp\/v2\/types\/page"}],"author":[{"embeddable":true,"href":"https:\/\/jessica-scheler.de\/essen\/wp-json\/wp\/v2\/users\/1"}],"replies":[{"embeddable":true,"href":"https:\/\/jessica-scheler.de\/essen\/wp-json\/wp\/v2\/comments?post=44"}],"version-history":[{"count":166,"href":"https:\/\/jessica-scheler.de\/essen\/wp-json\/wp\/v2\/pages\/44\/revisions"}],"predecessor-version":[{"id":1747,"href":"https:\/\/jessica-scheler.de\/essen\/wp-json\/wp\/v2\/pages\/44\/revisions\/1747"}],"wp:attachment":[{"href":"https:\/\/jessica-scheler.de\/essen\/wp-json\/wp\/v2\/media?parent=44"}],"curies":[{"name":"wp","href":"https:\/\/api.w.org\/{rel}","templated":true}]}}