{"id":41,"date":"2023-01-18T11:46:41","date_gmt":"2023-01-18T10:46:41","guid":{"rendered":"https:\/\/update.jessica-scheler.de\/neuss\/?page_id=41"},"modified":"2024-07-24T12:01:19","modified_gmt":"2024-07-24T10:01:19","slug":"salon-neuss","status":"publish","type":"page","link":"https:\/\/jessica-scheler.de\/neuss\/salon-neuss\/","title":{"rendered":"Der Salon"},"content":{"rendered":"\t\t<div data-elementor-type=\"wp-page\" data-elementor-id=\"41\" class=\"elementor elementor-41\" data-elementor-post-type=\"page\">\n\t\t\t\t\t\t<section class=\"elementor-section elementor-top-section elementor-element elementor-element-34a1cd26 elementor-section-full_width elementor-section-height-default elementor-section-height-default\" data-id=\"34a1cd26\" data-element_type=\"section\" data-e-type=\"section\">\n\t\t\t\t\t\t<div class=\"elementor-container elementor-column-gap-no\">\n\t\t\t\t\t<div class=\"elementor-column elementor-col-100 elementor-top-column elementor-element elementor-element-761a9310\" data-id=\"761a9310\" data-element_type=\"column\" data-e-type=\"column\">\n\t\t\t<div class=\"elementor-widget-wrap elementor-element-populated\">\n\t\t\t\t\t\t<div class=\"elementor-element elementor-element-18e0e56a elementor--h-position-center elementor--v-position-middle elementor-arrows-position-inside elementor-widget elementor-widget-slides\" data-id=\"18e0e56a\" data-element_type=\"widget\" data-e-type=\"widget\" data-settings=\"{&quot;transition&quot;:&quot;fade&quot;,&quot;navigation&quot;:&quot;arrows&quot;,&quot;autoplay&quot;:&quot;yes&quot;,&quot;pause_on_hover&quot;:&quot;yes&quot;,&quot;pause_on_interaction&quot;:&quot;yes&quot;,&quot;autoplay_speed&quot;:5000,&quot;infinite&quot;:&quot;yes&quot;,&quot;transition_speed&quot;:500}\" data-widget_type=\"slides.default\">\n\t\t\t\t<div class=\"elementor-widget-container\">\n\t\t\t\t\t\t\t\t\t<div class=\"elementor-swiper\">\n\t\t\t\t\t<div class=\"elementor-slides-wrapper elementor-main-swiper swiper\" role=\"region\" aria-roledescription=\"carousel\" aria-label=\"Slider\" dir=\"ltr\" data-animation=\"fadeInUp\">\n\t\t\t\t<div class=\"swiper-wrapper elementor-slides\">\n\t\t\t\t\t\t\t\t\t\t<div class=\"elementor-repeater-item-db12b53 swiper-slide\" role=\"group\" aria-roledescription=\"slide\"><div class=\"swiper-slide-bg elementor-ken-burns elementor-ken-burns--out\" role=\"img\" aria-label=\"Salon Neuss\"><\/div><div class=\"elementor-background-overlay\"><\/div><div class=\"swiper-slide-inner\" ><div class=\"swiper-slide-contents\"><div class=\"elementor-slide-heading\">WILLKOMMEN IN <br>Neuss<\/div><\/div><\/div><\/div>\t\t\t\t<\/div>\n\t\t\t\t\t\t\t<\/div>\n\t\t\t\t<\/div>\n\t\t\t\t\t\t\t\t<\/div>\n\t\t\t\t<\/div>\n\t\t\t\t\t<\/div>\n\t\t<\/div>\n\t\t\t\t\t<\/div>\n\t\t<\/section>\n\t\t\t\t<section class=\"elementor-section elementor-top-section elementor-element elementor-element-257070e9 elementor-section-boxed elementor-section-height-default elementor-section-height-default\" data-id=\"257070e9\" data-element_type=\"section\" data-e-type=\"section\">\n\t\t\t\t\t\t<div class=\"elementor-container elementor-column-gap-no\">\n\t\t\t\t\t<div class=\"elementor-column elementor-col-100 elementor-top-column elementor-element elementor-element-39d93b7\" data-id=\"39d93b7\" data-element_type=\"column\" data-e-type=\"column\">\n\t\t\t<div class=\"elementor-widget-wrap elementor-element-populated\">\n\t\t\t\t\t\t<div class=\"elementor-element elementor-element-17d0763e elementor-widget elementor-widget-heading\" data-id=\"17d0763e\" data-element_type=\"widget\" data-e-type=\"widget\" data-widget_type=\"heading.default\">\n\t\t\t\t<div class=\"elementor-widget-container\">\n\t\t\t\t\t<h2 class=\"elementor-heading-title elementor-size-default\">Diesen Augenblick der Ruhe finden Sie bei uns in unseren einzigartigen hellen und freundlichen Salon, welcher schon beim ersten Betreten eine sch\u00f6ne Atmosph\u00e4re vermittelt.<\/h2>\t\t\t\t<\/div>\n\t\t\t\t<\/div>\n\t\t\t\t<div class=\"elementor-element elementor-element-7d97d960 elementor-widget elementor-widget-text-editor\" data-id=\"7d97d960\" data-element_type=\"widget\" data-e-type=\"widget\" data-widget_type=\"text-editor.default\">\n\t\t\t\t<div class=\"elementor-widget-container\">\n\t\t\t\t\t\t\t\t\tIn einem hellen, warmen und modernen Interieur bieten wir unseren Kunden eine intensive Beratung und eine pers\u00f6nliches Friseurerlebnis. Entspannen Sie in unserem Salon in Neuss bei exklusiven Haar-, Haut- und Beautybehandlungen. Jeder Besuch bei uns ist ein Verw\u00f6hnerlebnis, das durch einen sehr guten Service und eine Behandlung auf qualitativ h\u00f6chstem Niveau abgerundet wird. Mit unserem umfangreichen Serviceleistungen stellen wir uns ganz auf Sie und Ihre W\u00fcnsche ein. Ein ausf\u00fchrliches Beratungsgespr\u00e4ch geh\u00f6rt f\u00fcr uns zu einer erstklassigen Leistung immer dazu. Professionalit\u00e4t in allen Dingen steht bei uns an erster Stelle.\t\t\t\t\t\t\t\t<\/div>\n\t\t\t\t<\/div>\n\t\t\t\t\t<\/div>\n\t\t<\/div>\n\t\t\t\t\t<\/div>\n\t\t<\/section>\n\t\t\t\t<section class=\"elementor-section elementor-top-section elementor-element elementor-element-4acae210 elementor-section-boxed elementor-section-height-default elementor-section-height-default\" data-id=\"4acae210\" data-element_type=\"section\" data-e-type=\"section\">\n\t\t\t\t\t\t<div class=\"elementor-container elementor-column-gap-no\">\n\t\t\t\t\t<div class=\"elementor-column elementor-col-100 elementor-top-column elementor-element elementor-element-57bf2912\" data-id=\"57bf2912\" data-element_type=\"column\" data-e-type=\"column\">\n\t\t\t<div class=\"elementor-widget-wrap elementor-element-populated\">\n\t\t\t\t\t\t<div class=\"elementor-element elementor-element-c4cc61e elementor-widget elementor-widget-heading\" data-id=\"c4cc61e\" data-element_type=\"widget\" data-e-type=\"widget\" data-widget_type=\"heading.default\">\n\t\t\t\t<div class=\"elementor-widget-container\">\n\t\t\t\t\t<h1 class=\"elementor-heading-title elementor-size-default\">Salonimpressionen<\/h1>\t\t\t\t<\/div>\n\t\t\t\t<\/div>\n\t\t\t\t<div class=\"elementor-element elementor-element-23fa4457 elementor-widget-divider--view-line elementor-widget elementor-widget-divider\" data-id=\"23fa4457\" data-element_type=\"widget\" data-e-type=\"widget\" data-widget_type=\"divider.default\">\n\t\t\t\t<div class=\"elementor-widget-container\">\n\t\t\t\t\t\t\t<div class=\"elementor-divider\">\n\t\t\t<span class=\"elementor-divider-separator\">\n\t\t\t\t\t\t<\/span>\n\t\t<\/div>\n\t\t\t\t\t\t<\/div>\n\t\t\t\t<\/div>\n\t\t\t\t<div class=\"elementor-element elementor-element-779a9124 elementor-widget elementor-widget-gallery\" data-id=\"779a9124\" data-element_type=\"widget\" data-e-type=\"widget\" data-settings=\"{&quot;columns&quot;:3,&quot;columns_tablet&quot;:3,&quot;gap&quot;:{&quot;unit&quot;:&quot;px&quot;,&quot;size&quot;:20,&quot;sizes&quot;:[]},&quot;gap_tablet&quot;:{&quot;unit&quot;:&quot;px&quot;,&quot;size&quot;:20,&quot;sizes&quot;:[]},&quot;lazyload&quot;:&quot;yes&quot;,&quot;gallery_layout&quot;:&quot;grid&quot;,&quot;columns_mobile&quot;:1,&quot;gap_mobile&quot;:{&quot;unit&quot;:&quot;px&quot;,&quot;size&quot;:10,&quot;sizes&quot;:[]},&quot;link_to&quot;:&quot;file&quot;,&quot;aspect_ratio&quot;:&quot;3:2&quot;,&quot;overlay_background&quot;:&quot;yes&quot;,&quot;content_hover_animation&quot;:&quot;fade-in&quot;}\" data-widget_type=\"gallery.default\">\n\t\t\t\t<div class=\"elementor-widget-container\">\n\t\t\t\t\t\t\t<div class=\"elementor-gallery__container\">\n\t\t\t\t\t\t\t<a class=\"e-gallery-item elementor-gallery-item elementor-animated-content\" href=\"https:\/\/jessica-scheler.de\/neuss\/wp-content\/uploads\/sites\/4\/2023\/01\/IMG_1905_webopt_.jpg\" data-elementor-open-lightbox=\"yes\" data-elementor-lightbox-slideshow=\"779a9124\" data-elementor-lightbox-title=\"IMG_1905_webopt_\" data-e-action-hash=\"#elementor-action%3Aaction%3Dlightbox%26settings%3DeyJpZCI6MzY5LCJ1cmwiOiJodHRwczpcL1wvamVzc2ljYS1zY2hlbGVyLmRlXC9uZXVzc1wvd3AtY29udGVudFwvdXBsb2Fkc1wvc2l0ZXNcLzRcLzIwMjNcLzAxXC9JTUdfMTkwNV93ZWJvcHRfLmpwZyIsInNsaWRlc2hvdyI6Ijc3OWE5MTI0In0%3D\">\n\t\t\t\t\t<div class=\"e-gallery-image elementor-gallery-item__image\" data-thumbnail=\"https:\/\/jessica-scheler.de\/neuss\/wp-content\/uploads\/sites\/4\/2023\/01\/IMG_1905_webopt_.jpg\" data-width=\"1333\" data-height=\"1000\" aria-label=\"\" role=\"img\" ><\/div>\n\t\t\t\t\t\t\t\t\t\t\t<div class=\"elementor-gallery-item__overlay\"><\/div>\n\t\t\t\t\t\t\t\t\t\t\t\t\t\t<\/a>\n\t\t\t\t\t\t\t<a class=\"e-gallery-item elementor-gallery-item elementor-animated-content\" href=\"https:\/\/jessica-scheler.de\/neuss\/wp-content\/uploads\/sites\/4\/2023\/01\/IMG_1899_webopt_.jpg\" data-elementor-open-lightbox=\"yes\" data-elementor-lightbox-slideshow=\"779a9124\" data-elementor-lightbox-title=\"IMG_1899_webopt_\" data-e-action-hash=\"#elementor-action%3Aaction%3Dlightbox%26settings%3DeyJpZCI6MzY4LCJ1cmwiOiJodHRwczpcL1wvamVzc2ljYS1zY2hlbGVyLmRlXC9uZXVzc1wvd3AtY29udGVudFwvdXBsb2Fkc1wvc2l0ZXNcLzRcLzIwMjNcLzAxXC9JTUdfMTg5OV93ZWJvcHRfLmpwZyIsInNsaWRlc2hvdyI6Ijc3OWE5MTI0In0%3D\">\n\t\t\t\t\t<div class=\"e-gallery-image elementor-gallery-item__image\" data-thumbnail=\"https:\/\/jessica-scheler.de\/neuss\/wp-content\/uploads\/sites\/4\/2023\/01\/IMG_1899_webopt_.jpg\" data-width=\"1333\" data-height=\"1000\" aria-label=\"Salon Neuss\" role=\"img\" ><\/div>\n\t\t\t\t\t\t\t\t\t\t\t<div class=\"elementor-gallery-item__overlay\"><\/div>\n\t\t\t\t\t\t\t\t\t\t\t\t\t\t<\/a>\n\t\t\t\t\t\t\t<a class=\"e-gallery-item elementor-gallery-item elementor-animated-content\" href=\"https:\/\/jessica-scheler.de\/neuss\/wp-content\/uploads\/sites\/4\/2023\/01\/IMG_1894_webopt_.jpg\" data-elementor-open-lightbox=\"yes\" data-elementor-lightbox-slideshow=\"779a9124\" data-elementor-lightbox-title=\"IMG_1894_webopt_\" data-e-action-hash=\"#elementor-action%3Aaction%3Dlightbox%26settings%3DeyJpZCI6MzY3LCJ1cmwiOiJodHRwczpcL1wvamVzc2ljYS1zY2hlbGVyLmRlXC9uZXVzc1wvd3AtY29udGVudFwvdXBsb2Fkc1wvc2l0ZXNcLzRcLzIwMjNcLzAxXC9JTUdfMTg5NF93ZWJvcHRfLmpwZyIsInNsaWRlc2hvdyI6Ijc3OWE5MTI0In0%3D\">\n\t\t\t\t\t<div class=\"e-gallery-image elementor-gallery-item__image\" data-thumbnail=\"https:\/\/jessica-scheler.de\/neuss\/wp-content\/uploads\/sites\/4\/2023\/01\/IMG_1894_webopt_.jpg\" data-width=\"1333\" data-height=\"1000\" aria-label=\"Salon Neuss\" role=\"img\" ><\/div>\n\t\t\t\t\t\t\t\t\t\t\t<div class=\"elementor-gallery-item__overlay\"><\/div>\n\t\t\t\t\t\t\t\t\t\t\t\t\t\t<\/a>\n\t\t\t\t\t\t\t<a class=\"e-gallery-item elementor-gallery-item elementor-animated-content\" href=\"https:\/\/jessica-scheler.de\/neuss\/wp-content\/uploads\/sites\/4\/2023\/01\/IMG_1888_webopt_.jpg\" data-elementor-open-lightbox=\"yes\" data-elementor-lightbox-slideshow=\"779a9124\" data-elementor-lightbox-title=\"IMG_1888_webopt_\" data-e-action-hash=\"#elementor-action%3Aaction%3Dlightbox%26settings%3DeyJpZCI6MzY2LCJ1cmwiOiJodHRwczpcL1wvamVzc2ljYS1zY2hlbGVyLmRlXC9uZXVzc1wvd3AtY29udGVudFwvdXBsb2Fkc1wvc2l0ZXNcLzRcLzIwMjNcLzAxXC9JTUdfMTg4OF93ZWJvcHRfLmpwZyIsInNsaWRlc2hvdyI6Ijc3OWE5MTI0In0%3D\">\n\t\t\t\t\t<div class=\"e-gallery-image elementor-gallery-item__image\" data-thumbnail=\"https:\/\/jessica-scheler.de\/neuss\/wp-content\/uploads\/sites\/4\/2023\/01\/IMG_1888_webopt_.jpg\" data-width=\"1333\" data-height=\"1000\" aria-label=\"Salon Neuss\" role=\"img\" ><\/div>\n\t\t\t\t\t\t\t\t\t\t\t<div class=\"elementor-gallery-item__overlay\"><\/div>\n\t\t\t\t\t\t\t\t\t\t\t\t\t\t<\/a>\n\t\t\t\t\t\t\t<a class=\"e-gallery-item elementor-gallery-item elementor-animated-content\" href=\"https:\/\/jessica-scheler.de\/neuss\/wp-content\/uploads\/sites\/4\/2023\/01\/IMG_1361_webopt_-1.jpg\" data-elementor-open-lightbox=\"yes\" data-elementor-lightbox-slideshow=\"779a9124\" data-elementor-lightbox-title=\"IMG_1361_webopt_\" data-e-action-hash=\"#elementor-action%3Aaction%3Dlightbox%26settings%3DeyJpZCI6MzY1LCJ1cmwiOiJodHRwczpcL1wvamVzc2ljYS1zY2hlbGVyLmRlXC9uZXVzc1wvd3AtY29udGVudFwvdXBsb2Fkc1wvc2l0ZXNcLzRcLzIwMjNcLzAxXC9JTUdfMTM2MV93ZWJvcHRfLTEuanBnIiwic2xpZGVzaG93IjoiNzc5YTkxMjQifQ%3D%3D\">\n\t\t\t\t\t<div class=\"e-gallery-image elementor-gallery-item__image\" data-thumbnail=\"https:\/\/jessica-scheler.de\/neuss\/wp-content\/uploads\/sites\/4\/2023\/01\/IMG_1361_webopt_-1.jpg\" data-width=\"1333\" data-height=\"1000\" aria-label=\"Salon Neuss\" role=\"img\" ><\/div>\n\t\t\t\t\t\t\t\t\t\t\t<div class=\"elementor-gallery-item__overlay\"><\/div>\n\t\t\t\t\t\t\t\t\t\t\t\t\t\t<\/a>\n\t\t\t\t\t\t\t<a class=\"e-gallery-item elementor-gallery-item elementor-animated-content\" href=\"https:\/\/jessica-scheler.de\/neuss\/wp-content\/uploads\/sites\/4\/2023\/01\/image1_webopt_-2.jpg\" data-elementor-open-lightbox=\"yes\" data-elementor-lightbox-slideshow=\"779a9124\" data-elementor-lightbox-title=\"image1_webopt_\" data-e-action-hash=\"#elementor-action%3Aaction%3Dlightbox%26settings%3DeyJpZCI6MzY0LCJ1cmwiOiJodHRwczpcL1wvamVzc2ljYS1zY2hlbGVyLmRlXC9uZXVzc1wvd3AtY29udGVudFwvdXBsb2Fkc1wvc2l0ZXNcLzRcLzIwMjNcLzAxXC9pbWFnZTFfd2Vib3B0Xy0yLmpwZyIsInNsaWRlc2hvdyI6Ijc3OWE5MTI0In0%3D\">\n\t\t\t\t\t<div class=\"e-gallery-image elementor-gallery-item__image\" data-thumbnail=\"https:\/\/jessica-scheler.de\/neuss\/wp-content\/uploads\/sites\/4\/2023\/01\/image1_webopt_-2.jpg\" data-width=\"1333\" data-height=\"1000\" aria-label=\"Salon Neuss\" role=\"img\" ><\/div>\n\t\t\t\t\t\t\t\t\t\t\t<div class=\"elementor-gallery-item__overlay\"><\/div>\n\t\t\t\t\t\t\t\t\t\t\t\t\t\t<\/a>\n\t\t\t\t\t<\/div>\n\t\t\t\t\t<\/div>\n\t\t\t\t<\/div>\n\t\t\t\t\t<\/div>\n\t\t<\/div>\n\t\t\t\t\t<\/div>\n\t\t<\/section>\n\t\t\t\t<section class=\"elementor-section elementor-top-section elementor-element elementor-element-be29baa elementor-section-boxed elementor-section-height-default elementor-section-height-default\" data-id=\"be29baa\" data-element_type=\"section\" data-e-type=\"section\">\n\t\t\t\t\t\t<div class=\"elementor-container elementor-column-gap-no\">\n\t\t\t\t\t<div class=\"elementor-column elementor-col-100 elementor-top-column elementor-element elementor-element-02a2492\" data-id=\"02a2492\" data-element_type=\"column\" data-e-type=\"column\">\n\t\t\t<div class=\"elementor-widget-wrap elementor-element-populated\">\n\t\t\t\t\t\t<div class=\"elementor-element elementor-element-079af57 elementor-widget elementor-widget-heading\" data-id=\"079af57\" data-element_type=\"widget\" data-e-type=\"widget\" data-widget_type=\"heading.default\">\n\t\t\t\t<div class=\"elementor-widget-container\">\n\t\t\t\t\t<h2 class=\"elementor-heading-title elementor-size-default\">VIRTUELLE TOUR DURCH UNSEREN SALON<\/h2>\t\t\t\t<\/div>\n\t\t\t\t<\/div>\n\t\t\t\t<div class=\"elementor-element elementor-element-15b2602 elementor-widget-divider--view-line elementor-widget elementor-widget-divider\" data-id=\"15b2602\" data-element_type=\"widget\" data-e-type=\"widget\" data-widget_type=\"divider.default\">\n\t\t\t\t<div class=\"elementor-widget-container\">\n\t\t\t\t\t\t\t<div class=\"elementor-divider\">\n\t\t\t<span class=\"elementor-divider-separator\">\n\t\t\t\t\t\t<\/span>\n\t\t<\/div>\n\t\t\t\t\t\t<\/div>\n\t\t\t\t<\/div>\n\t\t\t\t<div class=\"elementor-element elementor-element-8591a2b elementor-widget elementor-widget-html\" data-id=\"8591a2b\" data-element_type=\"widget\" data-e-type=\"widget\" data-widget_type=\"html.default\">\n\t\t\t\t<div class=\"elementor-widget-container\">\n\t\t\t\t\t<div class=\"BorlabsCookie _brlbs-cb-googlemaps\"><div class=\"_brlbs-content-blocker\"> <div class=\"_brlbs-embed _brlbs-google-maps\"> <img decoding=\"async\" class=\"_brlbs-thumbnail\" src=\"https:\/\/jessica-scheler.de\/neuss\/wp-content\/plugins\/borlabs-cookie\/assets\/images\/cb-maps.png\" alt=\"Google Maps\"> <div class=\"_brlbs-caption\"> <p>Mit dem Laden der Karte akzeptieren Sie die Datenschutzerkl\u00e4rung von Google.<br><a href=\"https:\/\/policies.google.com\/privacy\" target=\"_blank\" rel=\"nofollow noopener noreferrer\">Mehr erfahren<\/a><\/p> <p><a class=\"_brlbs-btn\" href=\"#\" data-borlabs-cookie-unblock role=\"button\">Karte laden<\/a><\/p> <p><label><input type=\"checkbox\" name=\"unblockAll\" value=\"1\" checked> <small>Google Maps immer entsperren<\/small><\/label><\/p> <\/div> <\/div> <\/div><div class=\"borlabs-hide\" data-borlabs-cookie-type=\"content-blocker\" data-borlabs-cookie-id=\"googlemaps\"><script type=\"text\/template\">PGlmcmFtZSBzdHlsZT0iYm9yZGVyOiAwOyIKICAgICAgICBzcmM9Imh0dHBzOi8vd3d3Lmdvb2dsZS5jb20vbWFwcy9lbWJlZD9wYj0hNHYxNTU0MDcxMTc1Mzc5ITZtOCExbTchMXNDQW9TTEVGR01WRnBjRTh6TTBkaFQzZEJWVkJMTms1eWRYaGlaRmRqTUUxbVJGUTJZV3d0VUV0eFNWaGlXRTVVITJtMiExZDUxLjE5NzM0OTQxODM3ODY5ITJkNi42OTM4NjE3MzEyMjIxMTQhM2YyMzUuNDEhNGYyLjMxOTk5OTk5OTk5OTk5MyE1ZjAuNDAwMDAwMDAwMDAwMDAwMiIKICAgICAgICB3aWR0aD0iMTYwMCIgaGVpZ2h0PSI4MDAiIGZyYW1lYm9yZGVyPSIwIiBhbGxvd2Z1bGxzY3JlZW49ImFsbG93ZnVsbHNjcmVlbiI+PC9pZnJhbWU+<\/script><\/div><\/div>\t\t\t\t<\/div>\n\t\t\t\t<\/div>\n\t\t\t\t\t<\/div>\n\t\t<\/div>\n\t\t\t\t\t<\/div>\n\t\t<\/section>\n\t\t\t\t<\/div>\n\t\t","protected":false},"excerpt":{"rendered":"<p>WILLKOMMEN IN Neuss Diesen Augenblick der Ruhe finden Sie bei uns in unseren einzigartigen hellen und freundlichen Salon, welcher schon beim ersten Betreten eine sch\u00f6ne Atmosph\u00e4re vermittelt. In einem hellen, warmen und modernen Interieur bieten wir unseren Kunden eine intensive Beratung und eine pers\u00f6nliches Friseurerlebnis. Entspannen Sie in unserem Salon in Neuss bei exklusiven Haar-, [&hellip;]<\/p>\n","protected":false},"author":1,"featured_media":0,"parent":0,"menu_order":0,"comment_status":"closed","ping_status":"closed","template":"elementor_header_footer","meta":{"footnotes":""},"class_list":["post-41","page","type-page","status-publish","hentry"],"yoast_head":"<!-- This site is optimized with the Yoast SEO plugin v27.3 - https:\/\/yoast.com\/product\/yoast-seo-wordpress\/ -->\n<title>Der Salon - Jessica Scheler - hair professionals - Neuss<\/title>\n<meta name=\"robots\" content=\"index, follow, max-snippet:-1, max-image-preview:large, max-video-preview:-1\" \/>\n<link rel=\"canonical\" href=\"https:\/\/jessica-scheler.de\/neuss\/salon-neuss\/\" \/>\n<meta property=\"og:locale\" content=\"de_DE\" \/>\n<meta property=\"og:type\" content=\"article\" \/>\n<meta property=\"og:title\" content=\"Der Salon - Jessica Scheler - hair professionals - Neuss\" \/>\n<meta property=\"og:description\" content=\"WILLKOMMEN IN Neuss Diesen Augenblick der Ruhe finden Sie bei uns in unseren einzigartigen hellen und freundlichen Salon, welcher schon beim ersten Betreten eine sch\u00f6ne Atmosph\u00e4re vermittelt. In einem hellen, warmen und modernen Interieur bieten wir unseren Kunden eine intensive Beratung und eine pers\u00f6nliches Friseurerlebnis. Entspannen Sie in unserem Salon in Neuss bei exklusiven Haar-, [&hellip;]\" \/>\n<meta property=\"og:url\" content=\"https:\/\/jessica-scheler.de\/neuss\/salon-neuss\/\" \/>\n<meta property=\"og:site_name\" content=\"Jessica Scheler - hair professionals - Neuss\" \/>\n<meta property=\"article:modified_time\" content=\"2024-07-24T10:01:19+00:00\" \/>\n<meta name=\"twitter:card\" content=\"summary_large_image\" \/>\n<meta name=\"twitter:label1\" content=\"Gesch\u00e4tzte Lesezeit\" \/>\n\t<meta name=\"twitter:data1\" content=\"1\u00a0Minute\" \/>\n<script type=\"application\/ld+json\" class=\"yoast-schema-graph\">{\"@context\":\"https:\\\/\\\/schema.org\",\"@graph\":[{\"@type\":\"WebPage\",\"@id\":\"https:\\\/\\\/jessica-scheler.de\\\/neuss\\\/salon-neuss\\\/\",\"url\":\"https:\\\/\\\/jessica-scheler.de\\\/neuss\\\/salon-neuss\\\/\",\"name\":\"Der Salon - Jessica Scheler - hair professionals - Neuss\",\"isPartOf\":{\"@id\":\"https:\\\/\\\/jessica-scheler.de\\\/neuss\\\/#website\"},\"datePublished\":\"2023-01-18T10:46:41+00:00\",\"dateModified\":\"2024-07-24T10:01:19+00:00\",\"breadcrumb\":{\"@id\":\"https:\\\/\\\/jessica-scheler.de\\\/neuss\\\/salon-neuss\\\/#breadcrumb\"},\"inLanguage\":\"de\",\"potentialAction\":[{\"@type\":\"ReadAction\",\"target\":[\"https:\\\/\\\/jessica-scheler.de\\\/neuss\\\/salon-neuss\\\/\"]}]},{\"@type\":\"BreadcrumbList\",\"@id\":\"https:\\\/\\\/jessica-scheler.de\\\/neuss\\\/salon-neuss\\\/#breadcrumb\",\"itemListElement\":[{\"@type\":\"ListItem\",\"position\":1,\"name\":\"Startseite\",\"item\":\"https:\\\/\\\/jessica-scheler.de\\\/neuss\\\/\"},{\"@type\":\"ListItem\",\"position\":2,\"name\":\"Der Salon\"}]},{\"@type\":\"WebSite\",\"@id\":\"https:\\\/\\\/jessica-scheler.de\\\/neuss\\\/#website\",\"url\":\"https:\\\/\\\/jessica-scheler.de\\\/neuss\\\/\",\"name\":\"Jessica Scheler - hair professionals - Neuss\",\"description\":\"Ihr Friseur in Neuss\",\"publisher\":{\"@id\":\"https:\\\/\\\/jessica-scheler.de\\\/neuss\\\/#organization\"},\"potentialAction\":[{\"@type\":\"SearchAction\",\"target\":{\"@type\":\"EntryPoint\",\"urlTemplate\":\"https:\\\/\\\/jessica-scheler.de\\\/neuss\\\/?s={search_term_string}\"},\"query-input\":{\"@type\":\"PropertyValueSpecification\",\"valueRequired\":true,\"valueName\":\"search_term_string\"}}],\"inLanguage\":\"de\"},{\"@type\":\"Organization\",\"@id\":\"https:\\\/\\\/jessica-scheler.de\\\/neuss\\\/#organization\",\"name\":\"Jessica Scheler - hair professionals - Neuss\",\"url\":\"https:\\\/\\\/jessica-scheler.de\\\/neuss\\\/\",\"logo\":{\"@type\":\"ImageObject\",\"inLanguage\":\"de\",\"@id\":\"https:\\\/\\\/jessica-scheler.de\\\/neuss\\\/#\\\/schema\\\/logo\\\/image\\\/\",\"url\":\"https:\\\/\\\/jessica-scheler.de\\\/neuss\\\/wp-content\\\/uploads\\\/sites\\\/4\\\/2023\\\/01\\\/Jessica_Scheler_Logo.png\",\"contentUrl\":\"https:\\\/\\\/jessica-scheler.de\\\/neuss\\\/wp-content\\\/uploads\\\/sites\\\/4\\\/2023\\\/01\\\/Jessica_Scheler_Logo.png\",\"width\":1000,\"height\":190,\"caption\":\"Jessica Scheler - hair professionals - Neuss\"},\"image\":{\"@id\":\"https:\\\/\\\/jessica-scheler.de\\\/neuss\\\/#\\\/schema\\\/logo\\\/image\\\/\"}}]}<\/script>\n<!-- \/ Yoast SEO plugin. -->","yoast_head_json":{"title":"Der Salon - Jessica Scheler - hair professionals - Neuss","robots":{"index":"index","follow":"follow","max-snippet":"max-snippet:-1","max-image-preview":"max-image-preview:large","max-video-preview":"max-video-preview:-1"},"canonical":"https:\/\/jessica-scheler.de\/neuss\/salon-neuss\/","og_locale":"de_DE","og_type":"article","og_title":"Der Salon - Jessica Scheler - hair professionals - Neuss","og_description":"WILLKOMMEN IN Neuss Diesen Augenblick der Ruhe finden Sie bei uns in unseren einzigartigen hellen und freundlichen Salon, welcher schon beim ersten Betreten eine sch\u00f6ne Atmosph\u00e4re vermittelt. In einem hellen, warmen und modernen Interieur bieten wir unseren Kunden eine intensive Beratung und eine pers\u00f6nliches Friseurerlebnis. Entspannen Sie in unserem Salon in Neuss bei exklusiven Haar-, [&hellip;]","og_url":"https:\/\/jessica-scheler.de\/neuss\/salon-neuss\/","og_site_name":"Jessica Scheler - hair professionals - Neuss","article_modified_time":"2024-07-24T10:01:19+00:00","twitter_card":"summary_large_image","twitter_misc":{"Gesch\u00e4tzte Lesezeit":"1\u00a0Minute"},"schema":{"@context":"https:\/\/schema.org","@graph":[{"@type":"WebPage","@id":"https:\/\/jessica-scheler.de\/neuss\/salon-neuss\/","url":"https:\/\/jessica-scheler.de\/neuss\/salon-neuss\/","name":"Der Salon - Jessica Scheler - hair professionals - Neuss","isPartOf":{"@id":"https:\/\/jessica-scheler.de\/neuss\/#website"},"datePublished":"2023-01-18T10:46:41+00:00","dateModified":"2024-07-24T10:01:19+00:00","breadcrumb":{"@id":"https:\/\/jessica-scheler.de\/neuss\/salon-neuss\/#breadcrumb"},"inLanguage":"de","potentialAction":[{"@type":"ReadAction","target":["https:\/\/jessica-scheler.de\/neuss\/salon-neuss\/"]}]},{"@type":"BreadcrumbList","@id":"https:\/\/jessica-scheler.de\/neuss\/salon-neuss\/#breadcrumb","itemListElement":[{"@type":"ListItem","position":1,"name":"Startseite","item":"https:\/\/jessica-scheler.de\/neuss\/"},{"@type":"ListItem","position":2,"name":"Der Salon"}]},{"@type":"WebSite","@id":"https:\/\/jessica-scheler.de\/neuss\/#website","url":"https:\/\/jessica-scheler.de\/neuss\/","name":"Jessica Scheler - hair professionals - Neuss","description":"Ihr Friseur in Neuss","publisher":{"@id":"https:\/\/jessica-scheler.de\/neuss\/#organization"},"potentialAction":[{"@type":"SearchAction","target":{"@type":"EntryPoint","urlTemplate":"https:\/\/jessica-scheler.de\/neuss\/?s={search_term_string}"},"query-input":{"@type":"PropertyValueSpecification","valueRequired":true,"valueName":"search_term_string"}}],"inLanguage":"de"},{"@type":"Organization","@id":"https:\/\/jessica-scheler.de\/neuss\/#organization","name":"Jessica Scheler - hair professionals - Neuss","url":"https:\/\/jessica-scheler.de\/neuss\/","logo":{"@type":"ImageObject","inLanguage":"de","@id":"https:\/\/jessica-scheler.de\/neuss\/#\/schema\/logo\/image\/","url":"https:\/\/jessica-scheler.de\/neuss\/wp-content\/uploads\/sites\/4\/2023\/01\/Jessica_Scheler_Logo.png","contentUrl":"https:\/\/jessica-scheler.de\/neuss\/wp-content\/uploads\/sites\/4\/2023\/01\/Jessica_Scheler_Logo.png","width":1000,"height":190,"caption":"Jessica Scheler - hair professionals - Neuss"},"image":{"@id":"https:\/\/jessica-scheler.de\/neuss\/#\/schema\/logo\/image\/"}}]}},"_links":{"self":[{"href":"https:\/\/jessica-scheler.de\/neuss\/wp-json\/wp\/v2\/pages\/41","targetHints":{"allow":["GET"]}}],"collection":[{"href":"https:\/\/jessica-scheler.de\/neuss\/wp-json\/wp\/v2\/pages"}],"about":[{"href":"https:\/\/jessica-scheler.de\/neuss\/wp-json\/wp\/v2\/types\/page"}],"author":[{"embeddable":true,"href":"https:\/\/jessica-scheler.de\/neuss\/wp-json\/wp\/v2\/users\/1"}],"replies":[{"embeddable":true,"href":"https:\/\/jessica-scheler.de\/neuss\/wp-json\/wp\/v2\/comments?post=41"}],"version-history":[{"count":26,"href":"https:\/\/jessica-scheler.de\/neuss\/wp-json\/wp\/v2\/pages\/41\/revisions"}],"predecessor-version":[{"id":815,"href":"https:\/\/jessica-scheler.de\/neuss\/wp-json\/wp\/v2\/pages\/41\/revisions\/815"}],"wp:attachment":[{"href":"https:\/\/jessica-scheler.de\/neuss\/wp-json\/wp\/v2\/media?parent=41"}],"curies":[{"name":"wp","href":"https:\/\/api.w.org\/{rel}","templated":true}]}}